{"id":427,"date":"2016-01-28T11:38:22","date_gmt":"2016-01-28T11:38:22","guid":{"rendered":"http:\/\/www.safesurfing.eu\/?page_id=427"},"modified":"2016-10-04T10:10:58","modified_gmt":"2016-10-04T09:10:58","slug":"registrations","status":"publish","type":"page","link":"https:\/\/safesurfing.inclusion-europe.eu\/pl\/registrations\/","title":{"rendered":"Rejestracja"},"content":{"rendered":"<p><span style=\"font-family: arial, helvetica, sans-serif; font-size: 14pt;\">Zapraszamy na kurs internetowy w projekcie SafeSurfing!<\/span><\/p>\n<p><span style=\"font-family: arial, helvetica, sans-serif; font-size: 14pt;\">W projekcie Safesurfing osoby z niepe\u0142nosprawno\u015bci\u0105 intelektualn\u0105 ucz\u0105<br \/>\n<\/span><span style=\"font-family: arial, helvetica, sans-serif; font-size: 14pt;\">si\u0119, jak chroni\u0107 swoj\u0105 prywatno\u015b\u0107 w czasie pracy w internecie.<a href=\"http:\/\/safesurfing.inclusion-europe.eu\/wp-contentuploads\/2015\/01\/etr.png\"><img loading=\"lazy\" class=\"alignright size-full wp-image-143\" src=\"http:\/\/safesurfing.inclusion-europe.eu\/wp-contentuploads\/2015\/01\/etr.png\" alt=\"etr\" width=\"89\" height=\"89\" \/><\/a><\/span><\/p>\n<p><span style=\"font-family: arial, helvetica, sans-serif; font-size: 14pt;\">Mimo,\u017ce internet jest pomocny w wielu sprawach,<br \/>\n<\/span><span style=\"font-family: arial, helvetica, sans-serif; font-size: 14pt;\">czasem mo\u017ce by\u0107 niebezpieczny.<\/span><\/p>\n<p><span style=\"font-family: arial, helvetica, sans-serif; font-size: 14pt;\">Na przyk\u0142ad informacje osobiste mog\u0105 by\u0107 skradzione przez internet<br \/>\n<\/span><span style=\"font-family: arial, helvetica, sans-serif; font-size: 14pt;\">albo kto\u015b mo\u017ce zosta\u0107 bardzo skrzywdzony przez innych u\u017cytkownik\u00f3w<br \/>\n<\/span><span style=\"font-family: arial, helvetica, sans-serif; font-size: 14pt;\">internetu.<\/span><\/p>\n<p><span style=\"font-family: arial, helvetica, sans-serif; font-size: 14pt;\">Osoby z niepe\u0142nosprawno\u015bci\u0105 intelektualn\u0105 s\u0105 te\u017c nara\u017cone na<br \/>\n<\/span><span style=\"font-family: arial, helvetica, sans-serif; font-size: 14pt;\">niebezpiecze\u0144stwa.<\/span><\/p>\n<p><span style=\"font-family: arial, helvetica, sans-serif; font-size: 14pt;\">Aby temu zapobiec,projekt Safe Surfing pomo\u017ce osobom z<br \/>\n<\/span><span style=\"font-family: arial, helvetica, sans-serif; font-size: 14pt;\">niepe\u0142nosprawno\u015bci\u0105 intelektualn\u0105 u\u017cywa\u0107 internetu w spos\u00f3b bezpieczny.<\/span><\/p>\n<p><span style=\"font-family: arial, helvetica, sans-serif; font-size: 14pt;\">Proponujemy 5 kurs\u00f3w.<\/span><\/p>\n<p><span style=\"font-family: arial, helvetica, sans-serif; font-size: 14pt;\">Na tych kursach mo\u017cesz nauczy\u0107 si\u0119:<\/span><\/p>\n<ul>\n<li><span style=\"font-family: arial, helvetica, sans-serif; font-size: 14pt;\">Co to s\u0105 dane prywatne I jak chroni\u0107 swoje dane osobiste;<\/span><\/li>\n<li><span style=\"font-family: arial, helvetica, sans-serif; font-size: 14pt;\">Jakie s\u0105 niebezpiecze\u0144stwa w internecie;<\/span><\/li>\n<li><span style=\"font-family: arial, helvetica, sans-serif; font-size: 14pt;\">Jak bezpiecznie korzysta\u0107 ze sprz\u0119tu mobilnego;<\/span><\/li>\n<li><span style=\"font-family: arial, helvetica, sans-serif; font-size: 14pt;\">Jak chroni\u0107 siebie na Facebooku;<\/span><\/li>\n<li><span style=\"font-family: arial, helvetica, sans-serif; font-size: 14pt;\">Czym mo\u017cna dzieli\u0107 si\u0119 w internecie.<\/span><\/li>\n<\/ul>\n<p><span style=\"font-family: arial, helvetica, sans-serif; font-size: 14pt;\">Kursy b\u0119d\u0105 odbywa\u0142y si\u0119 raz w tygodniu.<br \/>\nRozpoczn\u0105 si\u0119 w drugiej po\u0142owie lutego, zako\u0144cz\u0105 si\u0119 w po\u0142owie kwietnia.<br \/>\nW czasie rejestracji b\u0119dziesz m\u00f3g\u0142 wybra\u0107 termin kurs\u00f3w, w kt\u00f3rych<br \/>\n<\/span><span style=\"font-family: arial, helvetica, sans-serif; font-size: 14pt;\">we\u017amiesz udzia\u0142:<br \/>\n<\/span><\/p>\n<ul>\n<li><span style=\"font-family: arial, helvetica, sans-serif; font-size: 14pt;\">w \u015brody, czwartki, poniedzia\u0142ki, godz. 13.00, od 20 kwietnia do 28 kwietnia<br \/>\n<\/span><\/li>\n<li><span style=\"font-family: arial, helvetica, sans-serif; font-size: 14pt;\">w poniedzia\u0142ki, \u015brody, czwartki, godz. 13.00, od 9 maja do 18 maja<\/span><\/li>\n<\/ul>\n<p><span style=\"font-size: 14pt; font-family: arial, helvetica, sans-serif;\">Przed kursem otrzymasz poczt\u0105 elektroniczn\u0105 informacje. Po kursie te\u017c<\/span><\/p>\n<p><span style=\"font-family: arial, helvetica, sans-serif; font-size: 14pt;\">otrzymasz informacje poczt\u0105 elektroniczn\u0105.<\/span><\/p>\n<p><span style=\"font-family: arial, helvetica, sans-serif; font-size: 14pt;\">W czasie kursu trener wyja\u015bni temat I wykona z uczestnikami \u0107wiczenia.<\/span><\/p>\n<p><span style=\"font-family: arial, helvetica, sans-serif; font-size: 14pt;\">B\u0119dziesz m\u00f3g\u0142 zadawa\u0107 pytania trenerowi w czasie kursu oraz poczt\u0105<br \/>\n<\/span><span style=\"font-family: arial, helvetica, sans-serif; font-size: 14pt;\">elektroniczn\u0105 przed kursem I po kursie.<\/span><\/p>\n<p><span style=\"font-family: arial, helvetica, sans-serif; font-size: 14pt;\">Ka\u017cdy kurs b\u0119dzie trwa\u0142 oko\u0142o 30 minut.<\/span><\/p>\n<p><span style=\"font-family: arial, helvetica, sans-serif; font-size: 14pt;\">W czasie niekt\u00f3rych kurs\u00f3w by\u0142oby \u0142atwiej, gdyby\u015b mia\u0142 przy sobie osob\u0119<br \/>\n<\/span><span style=\"font-family: arial, helvetica, sans-serif; font-size: 14pt;\">wspieraj\u0105c\u0105.<br \/>\n<\/span><span style=\"font-family: arial, helvetica, sans-serif; font-size: 14pt;\">To mo\u017ce by\u0107 przyjaciel lub kto\u015b z rodziny.<br \/>\n<\/span><span style=\"font-family: arial, helvetica, sans-serif; font-size: 14pt;\">Kto\u015b, kto sprawnie pos\u0142uguje si\u0119 internetem.<\/span><\/p>\n<p><span style=\"font-size: 14pt; font-family: arial, helvetica, sans-serif;\">Je\u015bli masz jakiekolwiek pytania, prosimy wys\u0142a\u0107 e-mail do\u00a0<a href=\"mailto:webmaster@psouu.org.pl\" target=\"_blank\"><span class=\"il\">webmaster<\/span>@psouu.org.pl<\/a><\/span><\/p>","protected":false},"excerpt":{"rendered":"<p>Zapraszamy na kurs internetowy w projekcie SafeSurfing! W projekcie Safesurfing osoby z niepe\u0142nosprawno\u015bci\u0105 intelektualn\u0105 ucz\u0105 si\u0119, jak chroni\u0107 swoj\u0105 prywatno\u015b\u0107 w czasie pracy w internecie. Mimo,\u017ce internet jest pomocny w wielu sprawach, czasem mo\u017ce by\u0107 niebezpieczny. Na przyk\u0142ad informacje osobiste mog\u0105 by\u0107 skradzione przez internet albo kto\u015b mo\u017ce zosta\u0107 bardzo skrzywdzony przez innych u\u017cytkownik\u00f3w internetu. [&hellip;]<\/p>\n","protected":false},"author":1,"featured_media":0,"parent":0,"menu_order":0,"comment_status":"open","ping_status":"open","template":"","meta":[],"_links":{"self":[{"href":"https:\/\/safesurfing.inclusion-europe.eu\/pl\/wp-json\/wp\/v2\/pages\/427"}],"collection":[{"href":"https:\/\/safesurfing.inclusion-europe.eu\/pl\/wp-json\/wp\/v2\/pages"}],"about":[{"href":"https:\/\/safesurfing.inclusion-europe.eu\/pl\/wp-json\/wp\/v2\/types\/page"}],"author":[{"embeddable":true,"href":"https:\/\/safesurfing.inclusion-europe.eu\/pl\/wp-json\/wp\/v2\/users\/1"}],"replies":[{"embeddable":true,"href":"https:\/\/safesurfing.inclusion-europe.eu\/pl\/wp-json\/wp\/v2\/comments?post=427"}],"version-history":[{"count":64,"href":"https:\/\/safesurfing.inclusion-europe.eu\/pl\/wp-json\/wp\/v2\/pages\/427\/revisions"}],"predecessor-version":[{"id":1290,"href":"https:\/\/safesurfing.inclusion-europe.eu\/pl\/wp-json\/wp\/v2\/pages\/427\/revisions\/1290"}],"wp:attachment":[{"href":"https:\/\/safesurfing.inclusion-europe.eu\/pl\/wp-json\/wp\/v2\/media?parent=427"}],"curies":[{"name":"wp","href":"https:\/\/api.w.org\/{rel}","templated":true}]}}