{"id":190,"date":"2015-08-11T11:13:05","date_gmt":"2015-08-11T10:13:05","guid":{"rendered":"http:\/\/www.safesurfing.eu\/?page_id=190"},"modified":"2016-02-18T12:52:37","modified_gmt":"2016-02-18T12:52:37","slug":"blog","status":"publish","type":"page","link":"https:\/\/safesurfing.inclusion-europe.eu\/pl\/blog\/","title":{"rendered":"(English) Blog"},"content":{"rendered":"<p class=\"qtranxs-available-languages-message qtranxs-available-languages-message-pl\">Przepraszamy, ten wpis jest dost\u0119pny tylko w j\u0119zyku <a href=\"https:\/\/safesurfing.inclusion-europe.eu\/en\/wp-json\/wp\/v2\/pages\/190\" class=\"qtranxs-available-language-link qtranxs-available-language-link-en\" title=\"English\">Ameryka\u0144ski Angielski<\/a>, <a href=\"https:\/\/safesurfing.inclusion-europe.eu\/fr\/wp-json\/wp\/v2\/pages\/190\" class=\"qtranxs-available-language-link qtranxs-available-language-link-fr\" title=\"Fran\u00e7ais\">Francuski<\/a> i <a href=\"https:\/\/safesurfing.inclusion-europe.eu\/es\/wp-json\/wp\/v2\/pages\/190\" class=\"qtranxs-available-language-link qtranxs-available-language-link-es\" title=\"Espa\u00f1ol\">Europejski Hiszpa\u0144ski<\/a>.<\/p>","protected":false},"excerpt":{"rendered":"<p>Przepraszamy, ten wpis jest dost\u0119pny tylko w j\u0119zyku Ameryka\u0144ski Angielski, Francuski i Europejski Hiszpa\u0144ski.<\/p>\n","protected":false},"author":1,"featured_media":0,"parent":0,"menu_order":0,"comment_status":"open","ping_status":"closed","template":"","meta":[],"_links":{"self":[{"href":"https:\/\/safesurfing.inclusion-europe.eu\/pl\/wp-json\/wp\/v2\/pages\/190"}],"collection":[{"href":"https:\/\/safesurfing.inclusion-europe.eu\/pl\/wp-json\/wp\/v2\/pages"}],"about":[{"href":"https:\/\/safesurfing.inclusion-europe.eu\/pl\/wp-json\/wp\/v2\/types\/page"}],"author":[{"embeddable":true,"href":"https:\/\/safesurfing.inclusion-europe.eu\/pl\/wp-json\/wp\/v2\/users\/1"}],"replies":[{"embeddable":true,"href":"https:\/\/safesurfing.inclusion-europe.eu\/pl\/wp-json\/wp\/v2\/comments?post=190"}],"version-history":[{"count":54,"href":"https:\/\/safesurfing.inclusion-europe.eu\/pl\/wp-json\/wp\/v2\/pages\/190\/revisions"}],"predecessor-version":[{"id":576,"href":"https:\/\/safesurfing.inclusion-europe.eu\/pl\/wp-json\/wp\/v2\/pages\/190\/revisions\/576"}],"wp:attachment":[{"href":"https:\/\/safesurfing.inclusion-europe.eu\/pl\/wp-json\/wp\/v2\/media?parent=190"}],"curies":[{"name":"wp","href":"https:\/\/api.w.org\/{rel}","templated":true}]}}