{"id":53,"date":"2015-01-12T11:22:17","date_gmt":"2015-01-12T11:22:17","guid":{"rendered":"http:\/\/www.safesurfing.eu\/?page_id=53"},"modified":"2016-02-10T15:27:31","modified_gmt":"2016-02-10T15:27:31","slug":"what-is-safesurfing","status":"publish","type":"page","link":"https:\/\/safesurfing.inclusion-europe.eu\/it\/what-is-safesurfing\/","title":{"rendered":"Che cos\u2019\u00e8 SafeSurfing"},"content":{"rendered":"<p><span style=\"font-size: 14pt; font-family: arial, helvetica, sans-serif;\">Inclusion Europe e altre associazioni<a href=\"http:\/\/safesurfing.inclusion-europe.eu\/wp-contentuploads\/2015\/01\/etr.png\"><img loading=\"lazy\" class=\" alignright\" src=\"http:\/\/safesurfing.inclusion-europe.eu\/wp-contentuploads\/2015\/01\/etr.png\" alt=\"etr\" width=\"89\" height=\"89\" \/><br \/>\n<\/a><\/span><span style=\"font-size: 14pt; font-family: arial, helvetica, sans-serif;\">hanno iniziato a lavorare ad un progetto.<br \/>\n<\/span><span style=\"font-size: 14pt; font-family: arial, helvetica, sans-serif;\">Il progetto si chiama SafeSurfing.<br \/>\n<\/span><span style=\"font-size: 14pt; font-family: arial, helvetica, sans-serif;\">SafeSurfing vuole aiutare le persone con disabilit\u00e0<br \/>\n<\/span><span style=\"font-size: 14pt; font-family: arial, helvetica, sans-serif;\">ad usare Internet in modo sicuro.<\/span><\/p>\n<p><span style=\"font-size: 14pt; font-family: arial, helvetica, sans-serif;\">Internet pu\u00f2 essere molto utile<br \/>\n<\/span><span style=\"font-size: 14pt; font-family: arial, helvetica, sans-serif;\">ma a volte pu\u00f2 essere anche pericoloso.<\/span><\/p>\n<p><span style=\"font-size: 14pt; font-family: arial, helvetica, sans-serif;\">Ad esempio su Internet ci sono persone che rubano informazioni personali<br \/>\n<\/span><span style=\"font-size: 14pt; font-family: arial, helvetica, sans-serif;\">o che danno fastidio ad altre persone.<\/span><\/p>\n<p><span style=\"font-family: arial, helvetica, sans-serif; font-size: 14pt;\">Le persone con disabilit\u00e0 intellettiva sono molto a rischio.<br \/>\n<\/span><span style=\"font-family: arial, helvetica, sans-serif; font-size: 14pt;\">Per evitare questi problemi,<\/span><\/p>\n<p><span style=\"font-family: arial, helvetica, sans-serif; font-size: 14pt;\">SafeSurfing vuole insegnare alle persone con disabilit\u00e0 intellettiva<br \/>\n<\/span><span style=\"font-family: arial, helvetica, sans-serif; font-size: 14pt;\">ad usare internet in modo sicuro.<\/span><\/p>\n<p>SafeSurfing \u00e8 un progetto innovativo che mira a formare le persone con disabilit\u00e0 intellettiva sul tema della protezione dei dati personali e sulle modalit\u00e0 di navigazione online pi\u00f9 sicure. Vogliamo che le persone con disabilit\u00e0 intellettiva ricevano un supporto ed informazioni per decidere cosa condividere o no con gli altri.<\/p>\n<p>SafeSurfing si basa sulla consapevolezza che noi, consci o meno di ci\u00f2 che accade, corriamo dei pericoli ogni volta che navighiamo in Internet. Quando ogni anno il 17% degli europei \u00e8 vittima di furti d\u2019identit\u00e0, la protezione dei dati personali diventa un problema cruciale per tutti i cittadini europei, in particolare per chi ha una disabilit\u00e0 intellettiva. Pertanto, nell\u2019ambito del Progetto SafeSurfing, Inclusion Europe ed i suoi partner Mencap, Anffas, Plena Inclusion e PSONI coinvolgeranno pi\u00f9 di 1000 persone con disabilit\u00e0 intellettiva, attraverso sessioni interattive di formazione online che offriranno ai partecipanti la possibilit\u00e0 di interagire con domande in tempo reale. Per di pi\u00f9 molte migliaia di persone fruiranno di cinque video formativi prodotti e condivisi dai Partner SafeSurfing sulle diverse aree della protezione dei dati personali.<\/p>","protected":false},"excerpt":{"rendered":"<p>Inclusion Europe e altre associazioni hanno iniziato a lavorare ad un progetto. Il progetto si chiama SafeSurfing. SafeSurfing vuole aiutare le persone con disabilit\u00e0 ad usare Internet in modo sicuro. Internet pu\u00f2 essere molto utile ma a volte pu\u00f2 essere anche pericoloso. Ad esempio su Internet ci sono persone che rubano informazioni personali o che [&hellip;]<\/p>\n","protected":false},"author":1,"featured_media":121,"parent":0,"menu_order":0,"comment_status":"closed","ping_status":"closed","template":"","meta":[],"_links":{"self":[{"href":"https:\/\/safesurfing.inclusion-europe.eu\/it\/wp-json\/wp\/v2\/pages\/53"}],"collection":[{"href":"https:\/\/safesurfing.inclusion-europe.eu\/it\/wp-json\/wp\/v2\/pages"}],"about":[{"href":"https:\/\/safesurfing.inclusion-europe.eu\/it\/wp-json\/wp\/v2\/types\/page"}],"author":[{"embeddable":true,"href":"https:\/\/safesurfing.inclusion-europe.eu\/it\/wp-json\/wp\/v2\/users\/1"}],"replies":[{"embeddable":true,"href":"https:\/\/safesurfing.inclusion-europe.eu\/it\/wp-json\/wp\/v2\/comments?post=53"}],"version-history":[{"count":41,"href":"https:\/\/safesurfing.inclusion-europe.eu\/it\/wp-json\/wp\/v2\/pages\/53\/revisions"}],"predecessor-version":[{"id":540,"href":"https:\/\/safesurfing.inclusion-europe.eu\/it\/wp-json\/wp\/v2\/pages\/53\/revisions\/540"}],"wp:featuredmedia":[{"embeddable":true,"href":"https:\/\/safesurfing.inclusion-europe.eu\/it\/wp-json\/wp\/v2\/media\/121"}],"wp:attachment":[{"href":"https:\/\/safesurfing.inclusion-europe.eu\/it\/wp-json\/wp\/v2\/media?parent=53"}],"curies":[{"name":"wp","href":"https:\/\/api.w.org\/{rel}","templated":true}]}}