{"id":427,"date":"2016-01-28T11:38:22","date_gmt":"2016-01-28T11:38:22","guid":{"rendered":"http:\/\/www.safesurfing.eu\/?page_id=427"},"modified":"2016-10-04T10:10:58","modified_gmt":"2016-10-04T09:10:58","slug":"registrations","status":"publish","type":"page","link":"https:\/\/safesurfing.inclusion-europe.eu\/it\/registrations\/","title":{"rendered":"Registrazioni"},"content":{"rendered":"<p><span style=\"font-size: 14pt; font-family: arial, helvetica, sans-serif;\">Partecipa alla formazione online di Safe Surfing!<\/span><\/p>\n<p><span style=\"font-size: 14pt; font-family: arial, helvetica, sans-serif;\">Il progetto SafeSurfing vuole insegnare<br \/>\nalle persone con disabilit\u00e0 intellettiva<img loading=\"lazy\" class=\"alignright size-full wp-image-143\" src=\"http:\/\/safesurfing.inclusion-europe.eu\/wp-contentuploads\/2015\/01\/etr.png\" alt=\"etr\" width=\"89\" height=\"89\" \/><br \/>\ncome mantenere al sicuro le proprie informazioni personali<br \/>\nquando si usa Internet.<\/span><\/p>\n<p><span style=\"font-size: 14pt; font-family: arial, helvetica, sans-serif;\">Anche se Internet \u00e8 molto utile,<br \/>\na volte pu\u00f2 essere pericoloso.<\/span><\/p>\n<p><span style=\"font-size: 14pt; font-family: arial, helvetica, sans-serif;\">Ad esempio, a volte su Internet<br \/>\nci sono persone che possono rubare i dati personali di altri<br \/>\no persone che possono dare fastidio.<\/span><\/p>\n<p><span style=\"font-size: 14pt; font-family: arial, helvetica, sans-serif;\">Le persone con disabilit\u00e0 intellettiva<br \/>\nhanno maggiore rischio di essere danneggiate su internet.<\/span><\/p>\n<p><span style=\"font-size: 14pt; font-family: arial, helvetica, sans-serif;\">Per evitare tutto questo,<br \/>\nSafe Surfing aiuter\u00e0 le persone con disabilit\u00e0 intellettiva<br \/>\na capire come usare internet in maniera sicura.<\/span><\/p>\n<p><span style=\"font-size: 14pt; font-family: arial, helvetica, sans-serif;\">Ci saranno 5 lezioni di formazione<\/span><\/p>\n<p><span style=\"font-size: 14pt; font-family: arial, helvetica, sans-serif;\">Con queste lezioni si pu\u00f2 imparare molto.<\/span><\/p>\n<p><span style=\"font-size: 14pt; font-family: arial, helvetica, sans-serif;\">Ad esempio, si pu\u00f2 imparare:<\/span><\/p>\n<ul>\n<li><span style=\"font-size: 14pt; font-family: arial, helvetica, sans-serif;\">Cosa sono le informazioni personali e come si possono proteggere<\/span><\/li>\n<li><span style=\"font-size: 14pt; font-family: arial, helvetica, sans-serif;\">Quali sono i pericoli di internet<\/span><\/li>\n<li><span style=\"font-size: 14pt; font-family: arial, helvetica, sans-serif;\">Cosa sono i dispositivi mobili e le applicazioni<\/span><\/li>\n<li><span style=\"font-size: 14pt; font-family: arial, helvetica, sans-serif;\">Come usare Facebook in modo sicuro<\/span><\/li>\n<li><span style=\"font-size: 14pt; font-family: arial, helvetica, sans-serif;\">Cosa condividere con gli altri su Internet<\/span><\/li>\n<\/ul>\n<p><span style=\"font-size: 14pt; font-family: arial, helvetica, sans-serif;\">Ogni settimana ci sar\u00e0 una lezione.<\/span><\/p>\n<div><span style=\"font-size: 14pt; font-family: arial, helvetica, sans-serif;\">Puoi registrarti ai corsi scegliendo le date che preferisci.<\/span><\/div>\n<div><span style=\"font-size: 14pt; font-family: arial, helvetica, sans-serif;\">Di seguito trovi il calendario con tutti i giorni disponibili<\/span><\/div>\n<div><span style=\"font-size: 14pt; font-family: arial, helvetica, sans-serif;\">e i corsi che ci sono in quelle date.<\/span><\/div>\n<div><span style=\"font-size: 14pt; font-family: arial, helvetica, sans-serif;\">Puoi decidere di seguire il periodo numero 1,<\/span><\/div>\n<div>\n<div><span style=\"font-size: 14pt; font-family: arial, helvetica, sans-serif;\">il periodo numero 2,<\/span><\/div>\n<div><span style=\"font-size: 14pt; font-family: arial, helvetica, sans-serif;\">il periodo numero 3<\/span><\/div>\n<div><span style=\"font-size: 14pt; font-family: arial, helvetica, sans-serif;\">e il periodo numero 4.<\/span><\/div>\n<div><\/div>\n<div>\n<p><span style=\"font-size: 14pt; font-family: arial, helvetica, sans-serif;\">Riceverete delle informazioni prima e dopo la lezione.<\/span><\/p>\n<\/div>\n<\/div>\n<p><span style=\"font-size: 14pt; font-family: arial, helvetica, sans-serif;\">Durante le lezioni, gli insegnanti vi daranno molte spiegazioni,<br \/>\nsuggerimenti ed esercizi.<\/span><\/p>\n<p><span style=\"font-size: 14pt; font-family: arial, helvetica, sans-serif;\">Durante le lezione potete fare delle domande<br \/>\ne potete anche mandare delle e-mail dopo la lezione.<\/span><\/p>\n<p><span style=\"font-family: arial, helvetica, sans-serif; font-size: 14pt;\">Potete trovare di seguito le nostre date:<\/span><\/p>\n<p>\u00a0<\/p>\n<p><span style=\"font-family: arial,helvetica,sans-serif; font-size: 14pt;\"><strong>Il <\/strong>\u00a0<strong>periodo numero 1 comprende:<br \/>\n<\/strong>21 marzo (dalle 10 alle 11.30 pm) \u2013 webinar n.1<strong><br \/>\n<\/strong>31 marzo (dalle 12 alle 13.30) \u2013 webinar n.2<\/span><br \/>\n<span style=\"font-family: arial,helvetica,sans-serif; font-size: 14pt;\">7 aprile (dalle 12 alle 13.30) \u2013 webinar n. 3<strong><br \/>\n<\/strong>18 aprile (dalle 10 alle 11.30) \u2013 webinar n.4<strong><br \/>\n<\/strong>21 aprile (dalle 10 alle 11.30) \u2013 webinar n.5<\/span><\/p>\n<p>\u00a0<\/p>\n<p><span style=\"font-family: arial,helvetica,sans-serif; font-size: 14pt;\"><strong>Il <\/strong>\u00a0<strong>periodo numero 2 comprende:<br \/>\n<\/strong>21 marzo (dalle 12 alle 13.30 pm) \u2013 webinar n.1<strong><br \/>\n<\/strong>6 Aprile (dalle 10 alle 11.30) \u2013 webinar n.2<\/span><br \/>\n<span style=\"font-family: arial,helvetica,sans-serif; font-size: 14pt;\">11 aprile (dalle 10 alle 11.30) \u2013 webinar n. 3<strong><br \/>\n<\/strong>18 aprile (dalle 12 alle 13.30) \u2013 webinar n.4<strong><br \/>\n<\/strong>21 aprile (dalle 12 alle 13.30) \u2013 webinar n.5<\/span><\/p>\n<p><span style=\"font-family: arial,helvetica,sans-serif; font-size: 14pt;\">\u00a0<\/span><\/p>\n<p><span style=\"font-family: arial,helvetica,sans-serif; font-size: 14pt;\"><strong>Il periodo numero 3 comprende:<br \/>\n<\/strong>23 marzo (dalle 10 alle 11.30) \u2013 webinar n.1<\/span><br \/>\n<span style=\"font-family: arial,helvetica,sans-serif; font-size: 14pt;\">6 aprile (dalle 12\u00a0 alle 13.30) \u2013 webinar n.2<\/span><br \/>\n<span style=\"font-family: arial,helvetica,sans-serif; font-size: 14pt;\">11 aprile (dalle 12 alle 13.30) \u2013 webinar n.3<\/span><br \/>\n<span style=\"font-family: arial,helvetica,sans-serif; font-size: 14pt;\">20 aprile (dalle 10 alle 11.30) \u2013 webinar n.4<\/span><br \/>\n<span style=\"font-family: arial,helvetica,sans-serif; font-size: 14pt;\">27 aprile (dalle 10 alle 11.30) \u2013 webinar n.5<\/span><\/p>\n<p><span style=\"font-family: arial,helvetica,sans-serif; font-size: 14pt;\">\u00a0<\/span><\/p>\n<p><span style=\"font-family: arial,helvetica,sans-serif; font-size: 14pt;\"><strong>Il periodo numero\u00a0 4 comprende:<br \/>\n<\/strong>31 marzo (dalle 10 alle 11.30) \u2013 webinar n. 1<\/span><br \/>\n<span style=\"font-family: arial,helvetica,sans-serif; font-size: 14pt;\">7 aprile (dalle 10 alle 11.30) \u2013 webinar n. 2<\/span><br \/>\n<span style=\"font-family: arial,helvetica,sans-serif; font-size: 14pt;\">13 aprile (dalle 10 alle 11.30) \u2013 webinar n.3<\/span><br \/>\n<span style=\"font-family: arial,helvetica,sans-serif; font-size: 14pt;\">20 aprile (dalle 12 alle 13.30) \u2013 webinar n.4<\/span><br \/>\n<span style=\"font-family: arial,helvetica,sans-serif; font-size: 14pt;\">28 aprile (dalle 10 alle 11.30) \u2013 webinar n.5<\/span><\/p>\n<p>\u00a0<\/p>\n<div>\n<p><span style=\"font-size: 14pt; font-family: arial, helvetica, sans-serif;\">Per alcune lezioni, sar\u00e0 meglio avere delle persone di supporto con voi.<\/span><\/p>\n<\/div>\n<p><span style=\"font-family: arial, helvetica, sans-serif; font-size: 14pt;\">Le lezioni inizieranno a marzo e finiranno ad aprile.<\/span><\/p>\n<p><span style=\"font-size: 14pt; font-family: arial, helvetica, sans-serif;\">Se volete registrarvi alle lezioni in italiano,<br \/>\npotete compilare la scheda <a href=\"http:\/\/safesurfing.inclusion-europe.euit\/italiano-registrazioni\/\">qui.<\/a><\/span><\/p>\n<p><span style=\"font-size: 14pt; font-family: arial, helvetica, sans-serif;\">Se avete domande si prega di inviare una mail a\u00a0<a href=\"mailto:comunicazione@anffas.net\" target=\"_blank\">comunicazione@anffas.net<\/a><\/span><\/p>","protected":false},"excerpt":{"rendered":"<p>Partecipa alla formazione online di Safe Surfing! Il progetto SafeSurfing vuole insegnare alle persone con disabilit\u00e0 intellettiva come mantenere al sicuro le proprie informazioni personali quando si usa Internet. Anche se Internet \u00e8 molto utile, a volte pu\u00f2 essere pericoloso. Ad esempio, a volte su Internet ci sono persone che possono rubare i dati personali [&hellip;]<\/p>\n","protected":false},"author":1,"featured_media":0,"parent":0,"menu_order":0,"comment_status":"open","ping_status":"open","template":"","meta":[],"_links":{"self":[{"href":"https:\/\/safesurfing.inclusion-europe.eu\/it\/wp-json\/wp\/v2\/pages\/427"}],"collection":[{"href":"https:\/\/safesurfing.inclusion-europe.eu\/it\/wp-json\/wp\/v2\/pages"}],"about":[{"href":"https:\/\/safesurfing.inclusion-europe.eu\/it\/wp-json\/wp\/v2\/types\/page"}],"author":[{"embeddable":true,"href":"https:\/\/safesurfing.inclusion-europe.eu\/it\/wp-json\/wp\/v2\/users\/1"}],"replies":[{"embeddable":true,"href":"https:\/\/safesurfing.inclusion-europe.eu\/it\/wp-json\/wp\/v2\/comments?post=427"}],"version-history":[{"count":64,"href":"https:\/\/safesurfing.inclusion-europe.eu\/it\/wp-json\/wp\/v2\/pages\/427\/revisions"}],"predecessor-version":[{"id":1290,"href":"https:\/\/safesurfing.inclusion-europe.eu\/it\/wp-json\/wp\/v2\/pages\/427\/revisions\/1290"}],"wp:attachment":[{"href":"https:\/\/safesurfing.inclusion-europe.eu\/it\/wp-json\/wp\/v2\/media?parent=427"}],"curies":[{"name":"wp","href":"https:\/\/api.w.org\/{rel}","templated":true}]}}