{"id":109,"date":"2015-01-12T17:59:50","date_gmt":"2015-01-12T17:59:50","guid":{"rendered":"http:\/\/www.safesurfing.eu\/?page_id=109"},"modified":"2016-02-10T15:27:55","modified_gmt":"2016-02-10T15:27:55","slug":"activities","status":"publish","type":"page","link":"https:\/\/safesurfing.inclusion-europe.eu\/it\/activities\/","title":{"rendered":"Attivit\u00e0"},"content":{"rendered":"<p><span style=\"font-family: arial, helvetica, sans-serif; font-size: 14pt;\">L\u2019Unione Europea dice che tutti hanno il diritto <a href=\"http:\/\/safesurfing.inclusion-europe.eu\/wp-contentuploads\/2015\/01\/etr.png\"><img loading=\"lazy\" class=\" alignright\" src=\"http:\/\/safesurfing.inclusion-europe.eu\/wp-contentuploads\/2015\/01\/etr.png\" alt=\"etr\" width=\"89\" height=\"89\" \/><\/a><\/span><br \/>\n<span style=\"font-family: arial, helvetica, sans-serif; font-size: 14pt;\"> Di mettere le proprie informazioni personali al sicuro.<\/span><\/p>\n<p><span style=\"font-family: arial, helvetica, sans-serif; font-size: 14pt;\">Ma sapere quali sono i propri diritti<\/span><br \/>\n<span style=\"font-family: arial, helvetica, sans-serif; font-size: 14pt;\"> e sapere come fare per proteggere<\/span><br \/>\n<span style=\"font-family: arial, helvetica, sans-serif; font-size: 14pt;\"> le proprie informazioni personali<\/span><br \/>\n<span style=\"font-family: arial, helvetica, sans-serif; font-size: 14pt;\"> non \u00e8 facile.<\/span><\/p>\n<p><span style=\"font-family: arial, helvetica, sans-serif; font-size: 14pt;\">Per questo le persone hanno bisogno di avere delle spiegazioni.<\/span><\/p>\n<p><span style=\"font-family: arial, helvetica, sans-serif; font-size: 14pt;\">Il progetto SafeSurfing vuole spiegare alle persone con disabilit\u00e0 intellettiva<\/span><br \/>\n<span style=\"font-family: arial, helvetica, sans-serif; font-size: 14pt;\"> come fare per andare su internet in sicurezza.<\/span><\/p>\n<p><span style=\"font-family: arial, helvetica, sans-serif; font-size: 14pt;\">Per fare questo, le associazioni che partecipano al progetto<\/span><br \/>\n<span style=\"font-family: arial, helvetica, sans-serif; font-size: 14pt;\"> hanno fatto dei video molto divertenti.<\/span><\/p>\n<p><span style=\"font-family: arial, helvetica, sans-serif; font-size: 14pt;\">Puoi vedere i video cliccando qui<\/span><\/p>\n<p><span style=\"font-family: arial, helvetica, sans-serif; font-size: 14pt;\">Da gennaio 2016 potrai anche imparare molte cose<\/span><br \/>\n<span style=\"font-family: arial, helvetica, sans-serif; font-size: 14pt;\"> sulla sicurezza si Internet partecipando a dei corsi online.<\/span><\/p>\n<p><span style=\"font-family: arial, helvetica, sans-serif; font-size: 14pt;\">Parteciperanno a questi corsi pi\u00f9 di 100 persone!<\/span><\/p>\n<p><span style=\"font-family: arial, helvetica, sans-serif; font-size: 14pt;\">Altre informazioni saranno presto disponibili!<\/span><\/p>\n<p>Seppur l\u2019Articolo 8 della Carta dei Diritti Fondamentali riconosca a tutti il diritto alla protezione dei dati personali, la legislazione sulla capacit\u00e0 giuridica, la mancanza di consapevolezza, oltre al problema dell\u2019accessibilit\u00e0 a tutti delle procedure per il risarcimento, possono mettere a rischio la protezione dei dati personali delle persone con disabilit\u00e0 intellettiva.<\/p>\n<p>Per ottenere una protezione efficace dei loro dati personali, tutti devono ricevere adeguata formazione e supporto personale al fine di poter decidere quali dati ed informazioni condividere con gli altri. Pertanto, SafeSufing mira a:<\/p>\n<ul>\n<li>Supportare il processo di implementazione della legislazione sulla protezione dei dati personali e di diffsione delle principali modifiche al Pacchetto di Riforma in materia di protezione dei dati personali, in modo renderlo rilevante per le persone con disabilit\u00e0 intellettiva.<\/li>\n<li>Accrescere la consapevolezza e le capacit\u00e0 delle persone con disabilit\u00e0 sul tema della protezione dei loro dati personali nei Paesi partner.<\/li>\n<li>Produrre sessioni formative online cosicch\u00e9 siano fruibili da un numero maggiore di persone.<\/li>\n<\/ul>\n<p>Pi\u00f9 concretamente, i partner realizzeranno cinque video informativi per le persone con disabilit\u00e0 intellettiva sui differenti aspetti della protezione dei dati personali e sulle modalit\u00e0 di richieste di risarcimento per danni. Puoi vedere i primi video qui. Questi video saranno disponibili in tutte le lingue dei partner coinvolti nel progetto entro Ottobre 2015.<\/p>\n<p>I partner svilupperanno anche test e webinar online fruibili da pi\u00f9 di 1000 persone con disabilit\u00e0 intellettiva nei cinque Paesi partner. Le sessioni di formazione riguarderanno temi come:<\/p>\n<ul>\n<li>Il contenuto del Pacchetto di Riforma sulla protezione dei dati personali<\/li>\n<li>L\u2019elaborazione dei dati personali e il significato del consenso esplicito<\/li>\n<li>Le informazioni sulle modalit\u00e0 per ottenere un risarcimento<\/li>\n<\/ul>\n<p>Le sessioni di formazione inizieranno a Gennaio 2016<\/p>","protected":false},"excerpt":{"rendered":"<p>L\u2019Unione Europea dice che tutti hanno il diritto Di mettere le proprie informazioni personali al sicuro. Ma sapere quali sono i propri diritti e sapere come fare per proteggere le proprie informazioni personali non \u00e8 facile. Per questo le persone hanno bisogno di avere delle spiegazioni. Il progetto SafeSurfing vuole spiegare alle persone con disabilit\u00e0 [&hellip;]<\/p>\n","protected":false},"author":1,"featured_media":0,"parent":0,"menu_order":0,"comment_status":"open","ping_status":"open","template":"","meta":[],"_links":{"self":[{"href":"https:\/\/safesurfing.inclusion-europe.eu\/it\/wp-json\/wp\/v2\/pages\/109"}],"collection":[{"href":"https:\/\/safesurfing.inclusion-europe.eu\/it\/wp-json\/wp\/v2\/pages"}],"about":[{"href":"https:\/\/safesurfing.inclusion-europe.eu\/it\/wp-json\/wp\/v2\/types\/page"}],"author":[{"embeddable":true,"href":"https:\/\/safesurfing.inclusion-europe.eu\/it\/wp-json\/wp\/v2\/users\/1"}],"replies":[{"embeddable":true,"href":"https:\/\/safesurfing.inclusion-europe.eu\/it\/wp-json\/wp\/v2\/comments?post=109"}],"version-history":[{"count":35,"href":"https:\/\/safesurfing.inclusion-europe.eu\/it\/wp-json\/wp\/v2\/pages\/109\/revisions"}],"predecessor-version":[{"id":541,"href":"https:\/\/safesurfing.inclusion-europe.eu\/it\/wp-json\/wp\/v2\/pages\/109\/revisions\/541"}],"wp:attachment":[{"href":"https:\/\/safesurfing.inclusion-europe.eu\/it\/wp-json\/wp\/v2\/media?parent=109"}],"curies":[{"name":"wp","href":"https:\/\/api.w.org\/{rel}","templated":true}]}}