{"id":53,"date":"2015-01-12T11:22:17","date_gmt":"2015-01-12T11:22:17","guid":{"rendered":"http:\/\/www.safesurfing.eu\/?page_id=53"},"modified":"2016-02-10T15:27:31","modified_gmt":"2016-02-10T15:27:31","slug":"what-is-safesurfing","status":"publish","type":"page","link":"https:\/\/safesurfing.inclusion-europe.eu\/fr\/what-is-safesurfing\/","title":{"rendered":"Le projet SafeSurfing"},"content":{"rendered":"<p><span style=\"font-family: arial, helvetica, sans-serif; font-size: 14pt;\">Inclusion Europe et d\u2019autres organisations ont lanc\u00e9 un projet.<\/span><br \/>\n<span style=\"font-family: arial, helvetica, sans-serif; font-size: 14pt;\"> Ce projet s\u2019appelle SafeSurfing.<a href=\"http:\/\/safesurfing.inclusion-europe.eu\/wp-contentuploads\/2015\/01\/etr.png\"><img loading=\"lazy\" class=\" alignright\" src=\"http:\/\/safesurfing.inclusion-europe.eu\/wp-contentuploads\/2015\/01\/etr.png\" alt=\"etr\" width=\"89\" height=\"89\" \/><\/a><\/span><br \/>\n<span style=\"font-family: arial, helvetica, sans-serif; font-size: 14pt;\"> SafeSurfing va aider les personnes ayant une d\u00e9ficience intellectuelle<\/span><br \/>\n<span style=\"font-family: arial, helvetica, sans-serif; font-size: 14pt;\"> \u00e0 utiliser internet de mani\u00e8re plus s\u00e9curis\u00e9e.<\/span><\/p>\n<p><span style=\"font-family: arial, helvetica, sans-serif; font-size: 14pt;\">M\u00eame si internet est utile de plein de mani\u00e8res,<\/span><br \/>\n<span style=\"font-family: arial, helvetica, sans-serif; font-size: 14pt;\"> parfois cela peut \u00eatre dangereux.<\/span><br \/>\n<span style=\"font-family: arial, helvetica, sans-serif; font-size: 14pt;\"> Les exemples des dangers sur internet<\/span><br \/>\n<span style=\"font-family: arial, helvetica, sans-serif; font-size: 14pt;\"> sont les personnes qui volent les informations personnelles <\/span><br \/>\n<span style=\"font-family: arial, helvetica, sans-serif; font-size: 14pt;\"> ou les personnes qui font du mal aux autres.<\/span><\/p>\n<p><span style=\"font-family: arial, helvetica, sans-serif; font-size: 14pt;\">Les personnes ayant une d\u00e9ficience intellectuelle sont particuli\u00e8rement menac\u00e9es.<\/span><br \/>\n<span style=\"font-family: arial, helvetica, sans-serif; font-size: 14pt;\"> Pour arr\u00eater ca, le projet SafeSurfing va apprendre aux personnes <\/span><br \/>\n<span style=\"font-family: arial, helvetica, sans-serif; font-size: 14pt;\"> ayant une d\u00e9ficience intellectuelle \u00e0 utiliser internet de mani\u00e8re s\u00e9curis\u00e9e.<\/span><\/p>\n<p style=\"text-align: justify;\">SafeSurfing est un projet innovant visant \u00e0 former des personnes ayant une d\u00e9ficience intellectuelle sur la protection des donn\u00e9es et la navigation en ligne s\u00e9curis\u00e9e. Nous souhaitons que les personnes ayant une d\u00e9ficience intellectuelle re\u00e7oivent le soutien personnel et les connaissances dont ils ont besoin pour d\u00e9cider quelles informations ils veulent partager avec les autres.<\/p>\n<p style=\"text-align: justify;\">SafeSurfing \u00a0repose sur la prise de conscience que nous sommes confront\u00e9s \u00e0 de nombreux dangers, consciemment ou inconsciemment, en utilisant simplement Internet.<\/p>\n<p style=\"text-align: justify;\">Par cons\u00e9quent, dans le cadre du projet SafeSurfing, Inclusion Europe, et ses partenaires Mencap, Anffas, Feaps and PSOUU, atteindront plus de 1000 personnes ayant une d\u00e9ficience intellectuelle de mani\u00e8re directe, par le biais de sessions de formation en ligne interactives offrant aux participants la possibilit\u00e9 de poser des questions en temps r\u00e9el. De plus, des milliers de personnes suppl\u00e9mentaires b\u00e9n\u00e9ficieront des cinq vid\u00e9os de formations sur diff\u00e9rents aspects de la protection de donn\u00e9es qui seront produites et partag\u00e9es par les partenaires SafeSurfing.<\/p>\n<p><\/p>","protected":false},"excerpt":{"rendered":"<p>Inclusion Europe et d\u2019autres organisations ont lanc\u00e9 un projet. Ce projet s\u2019appelle SafeSurfing. SafeSurfing va aider les personnes ayant une d\u00e9ficience intellectuelle \u00e0 utiliser internet de mani\u00e8re plus s\u00e9curis\u00e9e. M\u00eame si internet est utile de plein de mani\u00e8res, parfois cela peut \u00eatre dangereux. Les exemples des dangers sur internet sont les personnes qui volent les [&hellip;]<\/p>\n","protected":false},"author":1,"featured_media":121,"parent":0,"menu_order":0,"comment_status":"closed","ping_status":"closed","template":"","meta":[],"_links":{"self":[{"href":"https:\/\/safesurfing.inclusion-europe.eu\/fr\/wp-json\/wp\/v2\/pages\/53"}],"collection":[{"href":"https:\/\/safesurfing.inclusion-europe.eu\/fr\/wp-json\/wp\/v2\/pages"}],"about":[{"href":"https:\/\/safesurfing.inclusion-europe.eu\/fr\/wp-json\/wp\/v2\/types\/page"}],"author":[{"embeddable":true,"href":"https:\/\/safesurfing.inclusion-europe.eu\/fr\/wp-json\/wp\/v2\/users\/1"}],"replies":[{"embeddable":true,"href":"https:\/\/safesurfing.inclusion-europe.eu\/fr\/wp-json\/wp\/v2\/comments?post=53"}],"version-history":[{"count":41,"href":"https:\/\/safesurfing.inclusion-europe.eu\/fr\/wp-json\/wp\/v2\/pages\/53\/revisions"}],"predecessor-version":[{"id":540,"href":"https:\/\/safesurfing.inclusion-europe.eu\/fr\/wp-json\/wp\/v2\/pages\/53\/revisions\/540"}],"wp:featuredmedia":[{"embeddable":true,"href":"https:\/\/safesurfing.inclusion-europe.eu\/fr\/wp-json\/wp\/v2\/media\/121"}],"wp:attachment":[{"href":"https:\/\/safesurfing.inclusion-europe.eu\/fr\/wp-json\/wp\/v2\/media?parent=53"}],"curies":[{"name":"wp","href":"https:\/\/api.w.org\/{rel}","templated":true}]}}