{"id":427,"date":"2016-01-28T11:38:22","date_gmt":"2016-01-28T11:38:22","guid":{"rendered":"http:\/\/www.safesurfing.eu\/?page_id=427"},"modified":"2016-10-04T10:10:58","modified_gmt":"2016-10-04T09:10:58","slug":"registrations","status":"publish","type":"page","link":"https:\/\/safesurfing.inclusion-europe.eu\/fr\/registrations\/","title":{"rendered":"Inscriptions"},"content":{"rendered":"<p><span style=\"font-family: arial, helvetica, sans-serif; font-size: 14pt;\">Participez aux sessions de formation en ligne Safe Surfing\u00a0!<\/span><\/p>\n<p><a href=\"http:\/\/safesurfing.inclusion-europe.eu\/wp-contentuploads\/2015\/01\/etr.png\"><img loading=\"lazy\" class=\"alignright size-full wp-image-143\" src=\"http:\/\/safesurfing.inclusion-europe.eu\/wp-contentuploads\/2015\/01\/etr.png\" alt=\"etr\" width=\"89\" height=\"89\" \/><\/a><\/p>\n<p><span style=\"font-family: arial, helvetica, sans-serif; font-size: 14pt;\">Le projet Safe Surfing apprend aux personnes porteuses<br \/>\nd\u2019une d\u00e9ficience intellectuelle c<\/span><span style=\"font-family: arial, helvetica, sans-serif; font-size: 14pt;\">omment prot\u00e9ger leurs donn\u00e9es personnelles<br \/>\nlorsqu\u2019elles utilisent Internet.<\/span><\/p>\n<p><span style=\"font-family: arial, helvetica, sans-serif; font-size: 14pt;\">M\u00eame si internet est tr\u00e8s utile dans beaucoup de domaines,<br \/>\nparfois cela peut \u00eatre dangereux.<\/span><\/p>\n<p><span style=\"font-family: arial, helvetica, sans-serif; font-size: 14pt;\">Il y a de nombreux exemples de dangers sur internet:<\/span><br \/>\n<span style=\"font-family: arial, helvetica, sans-serif; font-size: 14pt;\"> des personnes peuvent voler vos informations personnelles<br \/>\nou\u00a0<\/span><span style=\"font-family: arial, helvetica, sans-serif; font-size: 14pt;\">des personnes peuvent vous faire du mal.<\/span><\/p>\n<p><span style=\"font-family: arial, helvetica, sans-serif; font-size: 14pt;\">Les personnes porteuses d\u2019une d\u00e9ficience intellectuelle<br \/>\nrisquent encore plus qu\u2019on leur fasse du mal.<\/span><\/p>\n<p><span style=\"font-family: arial, helvetica, sans-serif; font-size: 14pt;\">Pour \u00e9viter cela, Safe Surfing va apprendre aux personnes porteuses d\u2019une d\u00e9ficience intellectuelle comment utiliser internet en toute s\u00e9curit\u00e9.<\/span><\/p>\n<p><span style=\"font-family: arial, helvetica, sans-serif; font-size: 14pt;\">Il y aura 5 sessions de formations.<\/span><\/p>\n<p><span style=\"font-family: arial, helvetica, sans-serif; font-size: 14pt;\">Avec ces 5 sessions, vous allez en apprendre plus sur\u00a0:<\/span><\/p>\n<ul>\n<li><span style=\"font-family: arial, helvetica, sans-serif; font-size: 14pt;\">Ce que sont des donn\u00e9es personnelles et comment les prot\u00e9ger<\/span><\/li>\n<li><span style=\"font-family: arial, helvetica, sans-serif; font-size: 14pt;\">Les dangers d\u2019internet<\/span><\/li>\n<li><span style=\"font-family: arial, helvetica, sans-serif; font-size: 14pt;\">Les appareils mobiles et les applications mobiles<\/span><\/li>\n<li><span style=\"font-family: arial, helvetica, sans-serif; font-size: 14pt;\">Comment vous prot\u00e9ger sur Facebook<\/span><\/li>\n<li><span style=\"font-family: arial, helvetica, sans-serif; font-size: 14pt;\">Ce qu\u2019on peut partager sur internet<\/span><\/li>\n<\/ul>\n<p><span style=\"font-family: arial, helvetica, sans-serif; font-size: 14pt;\">Il y aura une session par semaine pendant 5 semaines.<\/span><\/p>\n<p><span style=\"font-family: arial, helvetica, sans-serif; font-size: 14pt;\">Les formations en fran\u00e7ais vont commencer le 15 f\u00e9vrier et finiront en mars.<\/span><\/p>\n<p><span style=\"font-family: arial, helvetica, sans-serif; font-size: 14pt;\">Au moment de vous inscrire, vous pourrez choisir quel groupe vous souhaitez rejoindre\u00a0:<\/span><\/p>\n<ul>\n<li><span style=\"font-family: arial, helvetica, sans-serif;\"><del><span style=\"font-size: 14pt;\">Les vendredis \u00e0 15h <\/span><\/del><\/span><br \/>\n<span style=\"font-size: 14pt;\"><span style=\"font-size: 14pt;\"><span style=\"font-family: arial, helvetica, sans-serif;\"><del>du 19 f\u00e9vrier au 18 mars.<\/del> COMPLET<\/p>\n<p><\/span><\/span><\/span><\/li>\n<li><del><span style=\"font-family: arial, helvetica, sans-serif; font-size: 14pt;\">Les lundis \u00e0 15h <\/span><\/del><br \/>\n<span style=\"font-family: arial, helvetica, sans-serif; font-size: 14pt;\"><span style=\"font-family: arial, helvetica, sans-serif; font-size: 14pt;\"><del> du 22 f\u00e9vrier au 21 mars<\/del>. COMPLET<\/span><\/span>\u00a0<\/li>\n<\/ul>\n<ul>\n<li><span style=\"font-family: arial, helvetica, sans-serif; font-size: 14pt;\">Les mercredis \u00e0 11h <\/span><br \/>\n<span style=\"font-family: arial, helvetica, sans-serif; font-size: 14pt;\"><span style=\"font-family: arial, helvetica, sans-serif; font-size: 14pt;\"> du 24 f\u00e9vrier au 23 mars<\/span><\/span>\u00a0<\/li>\n<\/ul>\n<ul>\n<li><span style=\"font-family: arial, helvetica, sans-serif; font-size: 14pt;\">Les mercredis \u00e0 15h <\/span><br \/>\n<span style=\"font-family: arial, helvetica, sans-serif; font-size: 14pt;\"> du 24 f\u00e9vrier au 23 mars<\/span><\/li>\n<\/ul>\n<p><span style=\"font-family: arial, helvetica, sans-serif; font-size: 14pt;\">Vous allez recevoir des informations avant et apr\u00e8s le cours en ligne.<\/span><\/p>\n<p><span style=\"font-family: arial, helvetica, sans-serif; font-size: 14pt;\">Pendant le cours en ligne, le formateur vous donnera des explications, des conseils, des exercices.<\/span><\/p>\n<p><span style=\"font-family: arial, helvetica, sans-serif; font-size: 14pt;\">Vous pourrez poser des questions directement au formateur pendant le cours<br \/>\nmais aussi par email avant ou apr\u00e8s le cours bien s\u00fbr.<\/span><\/p>\n<p><span style=\"font-family: arial, helvetica, sans-serif; font-size: 14pt;\">Chaque cours durera environ 30 minutes.<\/span><\/p>\n<p><span style=\"font-family: arial, helvetica, sans-serif; font-size: 14pt;\">Pour certaines sessions, il sera peut-\u00eatre utile d\u2019avoir une personne de soutien avec vous.<\/span><\/p>\n<p><span style=\"font-family: arial, helvetica, sans-serif; font-size: 14pt;\">Cela peut \u00eatre un ami ou un membre de la famille par exemple. <\/span><br \/>\n<span style=\"font-family: arial, helvetica, sans-serif; font-size: 14pt;\"> Quelqu\u2019un qui utilise aussi internet.<\/span><\/p>\n<p><span style=\"font-family: arial, helvetica, sans-serif; font-size: 14pt;\">Si vous voulez vous inscrire aux formations en ligne en fran\u00e7ais, remplissez le petit formulaire<a href=\"http:\/\/safesurfing.inclusion-europe.eufr\/francais-registrations\/\"> ici.<\/a><\/span><\/p>\n<p><span style=\"font-size: 14pt; font-family: arial, helvetica, sans-serif;\">Si vous avez des questions s&rsquo;il vous pla\u00eet envoyez un courriel \u00e0 <a href=\"mailto:v.vovor@inclusion-europe.org\" target=\"_blank\">v.vovor@inclusion-europe.org<\/a><\/span><\/p>","protected":false},"excerpt":{"rendered":"<p>Participez aux sessions de formation en ligne Safe Surfing\u00a0! Le projet Safe Surfing apprend aux personnes porteuses d\u2019une d\u00e9ficience intellectuelle comment prot\u00e9ger leurs donn\u00e9es personnelles lorsqu\u2019elles utilisent Internet. M\u00eame si internet est tr\u00e8s utile dans beaucoup de domaines, parfois cela peut \u00eatre dangereux. Il y a de nombreux exemples de dangers sur internet: des personnes [&hellip;]<\/p>\n","protected":false},"author":1,"featured_media":0,"parent":0,"menu_order":0,"comment_status":"open","ping_status":"open","template":"","meta":[],"_links":{"self":[{"href":"https:\/\/safesurfing.inclusion-europe.eu\/fr\/wp-json\/wp\/v2\/pages\/427"}],"collection":[{"href":"https:\/\/safesurfing.inclusion-europe.eu\/fr\/wp-json\/wp\/v2\/pages"}],"about":[{"href":"https:\/\/safesurfing.inclusion-europe.eu\/fr\/wp-json\/wp\/v2\/types\/page"}],"author":[{"embeddable":true,"href":"https:\/\/safesurfing.inclusion-europe.eu\/fr\/wp-json\/wp\/v2\/users\/1"}],"replies":[{"embeddable":true,"href":"https:\/\/safesurfing.inclusion-europe.eu\/fr\/wp-json\/wp\/v2\/comments?post=427"}],"version-history":[{"count":64,"href":"https:\/\/safesurfing.inclusion-europe.eu\/fr\/wp-json\/wp\/v2\/pages\/427\/revisions"}],"predecessor-version":[{"id":1290,"href":"https:\/\/safesurfing.inclusion-europe.eu\/fr\/wp-json\/wp\/v2\/pages\/427\/revisions\/1290"}],"wp:attachment":[{"href":"https:\/\/safesurfing.inclusion-europe.eu\/fr\/wp-json\/wp\/v2\/media?parent=427"}],"curies":[{"name":"wp","href":"https:\/\/api.w.org\/{rel}","templated":true}]}}