{"id":190,"date":"2015-08-11T11:13:05","date_gmt":"2015-08-11T10:13:05","guid":{"rendered":"http:\/\/www.safesurfing.eu\/?page_id=190"},"modified":"2016-02-18T12:52:37","modified_gmt":"2016-02-18T12:52:37","slug":"blog","status":"publish","type":"page","link":"https:\/\/safesurfing.inclusion-europe.eu\/fr\/blog\/","title":{"rendered":"Blog"},"content":{"rendered":"<p><strong><span style=\"font-family: arial, helvetica, sans-serif; font-size: 14pt;\">SafeSurfing \u2013 Projet europ\u00e9en pour une naviguation\u00a0en ligne\u00a0<\/span><span style=\"font-family: arial, helvetica, sans-serif; font-size: 14pt;\">s\u00e9curis\u00e9e<\/span><\/strong><\/p>\n<p>\u00a0<\/p>\n<p><a href=\"http:\/\/safesurfing.inclusion-europe.eu\/wp-contentuploads\/2015\/10\/Transport_650x400_1.jpg\"><img loading=\"lazy\" class=\"alignright size-medium wp-image-267\" src=\"http:\/\/safesurfing.inclusion-europe.eu\/wp-contentuploads\/2015\/10\/Transport_650x400_1-300x185.jpg\" alt=\"Transport_650x400_1\" width=\"300\" height=\"185\" srcset=\"https:\/\/safesurfing.inclusion-europe.eu\/wp-content\/uploads\/2015\/10\/Transport_650x400_1-300x185.jpg 300w, https:\/\/safesurfing.inclusion-europe.eu\/wp-content\/uploads\/2015\/10\/Transport_650x400_1.jpg 650w\" sizes=\"(max-width: 300px) 100vw, 300px\" \/><\/a><\/p>\n<p><span style=\"font-family: arial, helvetica, sans-serif; font-size: 14pt;\">Je suis Amy et je fais partie du projet SafeSurfing men\u00e9 par une organisation appel\u00e9e Inclusion Europe.<\/span><\/p>\n<p style=\"text-align: justify;\"><span style=\"font-family: arial, helvetica, sans-serif; font-size: 14pt;\">SafeSurfing vise \u00e0 \u00e9duquer les jeunes gens ayant une d\u00e9ficience intellectuelle \u00e0 \u00eatre prudents sur internet. Je vous tiendrai au courant de mes aventures au fil du projet.<\/span><\/p>\n<p style=\"text-align: justify;\"><span style=\"font-family: arial, helvetica, sans-serif; font-size: 14pt;\">Dans le cadre du projet, je serais amen\u00e9e \u00e0 voyager en Europe et \u00e0 rencontrer des personnes de diff\u00e9rentes cultures. C\u2019est tr\u00e8s excitant\u00a0!<\/span><\/p>\n<p style=\"text-align: justify;\"><span style=\"font-family: arial, helvetica, sans-serif; font-size: 14pt;\">Ce n\u2019est pas quelque chose que j\u2019ai l\u2019habitude de faire au cours de mes journ\u00e9es de travail typiques en tant qu\u2019Assistante Digitale chez Mencap. La destination la plus lointaine dans laquelle je me suis rendue jusqu\u2019ici c\u2019est \u00e0 Birmingham, \u00e0 seulement deux heures de Londres\u00a0! Rien de mal avec Birmingham mais ce n\u2019est pas l\u2019Italie.<\/span><\/p>\n<p style=\"text-align: justify;\"><span style=\"font-family: arial, helvetica, sans-serif; font-size: 14pt;\">Par cons\u00e9quent, voyager en Europe sort un peu de ma zone de confort mais je suis pr\u00eate \u00e0 essayer. Je dis toujours \u00ab\u00a0on devrait toujours essayer les choses une fois dans sa vie\u00a0\u00bb. Je suis donc impatiente!<\/span><\/p>\n<p style=\"text-align: justify;\"><span style=\"font-family: arial, helvetica, sans-serif; font-size: 14pt;\">Pour comprendre un peu mieux le projet SafeSurfing, nous avons eu une r\u00e9union \u00e0 Londres en Janvier 2015, avec Inclusion Europe et les autres partenaires europ\u00e9ens d\u2019Italie, d\u2019Espagne et de Pologne.<\/span><\/p>\n<p style=\"text-align: justify;\"><span style=\"font-family: arial, helvetica, sans-serif; font-size: 14pt;\">Lors de la r\u00e9union, c\u2019\u00e9tait super d\u2019apprendre \u00e0 connaitre tout le monde. J\u2019ai trouv\u00e9 tout le monde vraiment gentil et \u00e0 l\u2019\u00e9coute, m\u00eame si je ne pouvais pas parler leur langue.<\/span><\/p>\n<p style=\"text-align: justify;\"><span style=\"font-family: arial, helvetica, sans-serif; font-size: 14pt;\">\u00c0 la suite de cette r\u00e9union, mon r\u00f4le pour le projet sera d\u2019aider \u00e0 produire une vid\u00e9o qui visera \u00e0 sensibiliser les personnes ayant une d\u00e9ficience intellectuelle \u00e0 surfer sur internet de mani\u00e8re s\u00e9curis\u00e9e.<\/span><\/p>\n<p style=\"text-align: justify;\"><span style=\"font-family: arial, helvetica, sans-serif; font-size: 14pt;\">Je vais \u00e9galement aider \u00e0 cr\u00e9er et mettre en place des formations pour les personnes ayant une d\u00e9ficience intellectuelle dans les prochains mois.<\/span><\/p>\n<p style=\"text-align: justify;\"><span style=\"font-family: arial, helvetica, sans-serif; font-size: 14pt;\">Dans les prochains mois, j\u2019\u00e9crirai au sujet de mon voyage \u00e0 Rome et sur le tournage de la vid\u00e9o.<\/span><\/p>\n<p style=\"text-align: justify;\"><span style=\"font-family: arial, helvetica, sans-serif; font-size: 14pt;\">Donc retenez bien cet endroit\u00a0!<\/span><\/p>\n<p style=\"text-align: justify;\"><span style=\"font-family: arial, helvetica, sans-serif; font-size: 14pt;\">\u00c0 la prochaine et soyez prudents\u00a0!<\/span><\/p>\n<p><\/p>","protected":false},"excerpt":{"rendered":"<p>SafeSurfing \u2013 Projet europ\u00e9en pour une naviguation\u00a0en ligne\u00a0s\u00e9curis\u00e9e \u00a0 Je suis Amy et je fais partie du projet SafeSurfing men\u00e9 par une organisation appel\u00e9e Inclusion Europe. SafeSurfing vise \u00e0 \u00e9duquer les jeunes gens ayant une d\u00e9ficience intellectuelle \u00e0 \u00eatre prudents sur internet. Je vous tiendrai au courant de mes aventures au fil du projet. Dans [&hellip;]<\/p>\n","protected":false},"author":1,"featured_media":0,"parent":0,"menu_order":0,"comment_status":"open","ping_status":"closed","template":"","meta":[],"_links":{"self":[{"href":"https:\/\/safesurfing.inclusion-europe.eu\/fr\/wp-json\/wp\/v2\/pages\/190"}],"collection":[{"href":"https:\/\/safesurfing.inclusion-europe.eu\/fr\/wp-json\/wp\/v2\/pages"}],"about":[{"href":"https:\/\/safesurfing.inclusion-europe.eu\/fr\/wp-json\/wp\/v2\/types\/page"}],"author":[{"embeddable":true,"href":"https:\/\/safesurfing.inclusion-europe.eu\/fr\/wp-json\/wp\/v2\/users\/1"}],"replies":[{"embeddable":true,"href":"https:\/\/safesurfing.inclusion-europe.eu\/fr\/wp-json\/wp\/v2\/comments?post=190"}],"version-history":[{"count":54,"href":"https:\/\/safesurfing.inclusion-europe.eu\/fr\/wp-json\/wp\/v2\/pages\/190\/revisions"}],"predecessor-version":[{"id":576,"href":"https:\/\/safesurfing.inclusion-europe.eu\/fr\/wp-json\/wp\/v2\/pages\/190\/revisions\/576"}],"wp:attachment":[{"href":"https:\/\/safesurfing.inclusion-europe.eu\/fr\/wp-json\/wp\/v2\/media?parent=190"}],"curies":[{"name":"wp","href":"https:\/\/api.w.org\/{rel}","templated":true}]}}