{"id":109,"date":"2015-01-12T17:59:50","date_gmt":"2015-01-12T17:59:50","guid":{"rendered":"http:\/\/www.safesurfing.eu\/?page_id=109"},"modified":"2016-02-10T15:27:55","modified_gmt":"2016-02-10T15:27:55","slug":"activities","status":"publish","type":"page","link":"https:\/\/safesurfing.inclusion-europe.eu\/fr\/activities\/","title":{"rendered":"Activit\u00e9s"},"content":{"rendered":"<p><span style=\"font-family: helvetica, arial, sans-serif; font-size: 14pt;\">D\u2019apr\u00e8s \u00a0l\u2019Union Europ\u00e9enne, tout le monde a droit \u00e0 ce que ses informations <a href=\"http:\/\/safesurfing.inclusion-europe.eu\/wp-contentuploads\/2015\/01\/etr.png\"><img loading=\"lazy\" class=\" alignright\" src=\"http:\/\/safesurfing.inclusion-europe.eu\/wp-contentuploads\/2015\/01\/etr.png\" alt=\"etr\" width=\"89\" height=\"89\" \/><\/a><\/span><br \/>\n<span style=\"font-family: helvetica, arial, sans-serif; font-size: 14pt;\"> personnelles soient gard\u00e9es en lieu s\u00fbr.<\/span><\/p>\n<p><span style=\"font-family: helvetica, arial, sans-serif; font-size: 14pt;\">Mais connaitre ses droits et prot\u00e9ger <\/span><br \/>\n<span style=\"font-family: helvetica, arial, sans-serif; font-size: 14pt;\"> ses informations personnelles demande beaucoup d\u2019entra\u00eenement.<\/span><\/p>\n<p><span style=\"font-family: helvetica, arial, sans-serif; font-size: 14pt;\">Le projet SafeSurfing apprend aux personnes ayant une d\u00e9ficience intellectuelle<\/span><br \/>\n<span style=\"font-family: helvetica, arial, sans-serif; font-size: 14pt;\"> comment prot\u00e9ger leurs informations lorsqu\u2019ils utilisent Internet.<\/span><br \/>\n<span style=\"font-family: helvetica, arial, sans-serif; font-size: 14pt;\"> Pour ce faire, les partenaires du projet ont cr\u00e9\u00e9 des vid\u00e9os amusantes.<\/span><br \/>\n<span style=\"font-family: helvetica, arial, sans-serif; font-size: 14pt;\"> Vous pouvez voir les vid\u00e9os ici.<\/span><\/p>\n<p><span style=\"font-family: helvetica, arial, sans-serif; font-size: 14pt;\">A partir de Janvier 2016, vous aussi pourrez en apprendre plus sur la s\u00e9curit\u00e9 <\/span><br \/>\n<span style=\"font-family: helvetica, arial, sans-serif; font-size: 14pt;\"> sur Internet en participant \u00e0 des s\u00e9ances de formation en ligne!<\/span><\/p>\n<p><span style=\"font-family: helvetica, arial, sans-serif; font-size: 14pt;\">Plus de 1000 personnes seront form\u00e9es!<\/span><\/p>\n<p><span style=\"font-family: helvetica, arial, sans-serif; font-size: 14pt;\">Plus d\u2019informations seront bient\u00f4t disponibles.<\/span><\/p>\n<hr \/>\n<p style=\"text-align: justify;\">Alors que l\u2019article 8 de la Charte des Droits Fondamentaux donne \u00e0 chacun le droit \u00e0 la protection de ses donn\u00e9es priv\u00e9es, la l\u00e9gislation sur la capacit\u00e9 juridique, le manque de sensibilisation, ainsi que les questions d&rsquo;accessibilit\u00e9 des m\u00e9canismes de recours peuvent porter atteinte \u00e0 la protection des donn\u00e9es personnelles de personnes ayant une d\u00e9ficience intellectuelle.<\/p>\n<p style=\"text-align: justify;\">Pour obtenir une protection efficace de leurs donn\u00e9es personnelles, les individus devraient recevoir\u00a0 le soutien personnel et la formation dont ils ont besoin pour d\u00e9cider quelles donn\u00e9es et informations ils souhaitent partager avec les autres. Par cons\u00e9quent, SafeSurfing oeuvre \u00e0:<\/p>\n<ul style=\"text-align: justify;\">\n<li>Soutenir la mise en place d\u2019une l\u00e9gislation sur la protection des donn\u00e9es et, si adopt\u00e9e, la diss\u00e9mination des changements majeurs du paquet de r\u00e9formes sur la protection des donn\u00e9es personnelles pour les rendre pertinente pour les jeunes et les adultes ayant une d\u00e9ficience intellectuelle<\/li>\n<li>Accroitre la sensibilisation et les capacit\u00e9s des personnes ayant une d\u00e9ficience intellectuelle quant \u00e0 la protection de leurs donn\u00e9es personnelles dans les pays partenaires.<\/li>\n<li>Organiser des s\u00e9ances de formations en ligne afin d\u2019atteindre un nombre important de personnes.<\/li>\n<\/ul>\n<p style=\"text-align: justify;\">Plus concr\u00e8tement, les partenaires vont produire cinq vid\u00e9os d\u2019informations pour les personnes ayant une d\u00e9ficience intellectuelle abordant les diff\u00e9rents aspects de la protection des donn\u00e9es et les possibilit\u00e9s de demander r\u00e9paration. Les vid\u00e9os seront disponibles dans toutes les langues du projet sur YouTube.<\/p>\n<p style=\"text-align: justify;\">Les partenaires vont \u00e9galement d\u00e9velopper, tester et mettre en place des modules de formations en ligne pour plus de 1000 personnes ayant une d\u00e9ficience intellectuelle dans cinq pays. Les sessions de formation toucheront a des sujets tels que:<\/p>\n<ul style=\"text-align: justify;\">\n<li>Le contenu du dossier sur la r\u00e9forme sur la protection des donn\u00e9es<\/li>\n<li>Le traitement des donn\u00e9es personnelles et signification du consentement implicite<\/li>\n<li>Les mecanismes de recours<\/li>\n<\/ul>\n<p style=\"text-align: justify;\">Les sessions de formations d\u00e9buteront en janvier 2016.<\/p>\n<p style=\"text-align: justify;\">.<\/p>\n<p><\/p>","protected":false},"excerpt":{"rendered":"<p>D\u2019apr\u00e8s \u00a0l\u2019Union Europ\u00e9enne, tout le monde a droit \u00e0 ce que ses informations personnelles soient gard\u00e9es en lieu s\u00fbr. Mais connaitre ses droits et prot\u00e9ger ses informations personnelles demande beaucoup d\u2019entra\u00eenement. Le projet SafeSurfing apprend aux personnes ayant une d\u00e9ficience intellectuelle comment prot\u00e9ger leurs informations lorsqu\u2019ils utilisent Internet. Pour ce faire, les partenaires du projet [&hellip;]<\/p>\n","protected":false},"author":1,"featured_media":0,"parent":0,"menu_order":0,"comment_status":"open","ping_status":"open","template":"","meta":[],"_links":{"self":[{"href":"https:\/\/safesurfing.inclusion-europe.eu\/fr\/wp-json\/wp\/v2\/pages\/109"}],"collection":[{"href":"https:\/\/safesurfing.inclusion-europe.eu\/fr\/wp-json\/wp\/v2\/pages"}],"about":[{"href":"https:\/\/safesurfing.inclusion-europe.eu\/fr\/wp-json\/wp\/v2\/types\/page"}],"author":[{"embeddable":true,"href":"https:\/\/safesurfing.inclusion-europe.eu\/fr\/wp-json\/wp\/v2\/users\/1"}],"replies":[{"embeddable":true,"href":"https:\/\/safesurfing.inclusion-europe.eu\/fr\/wp-json\/wp\/v2\/comments?post=109"}],"version-history":[{"count":35,"href":"https:\/\/safesurfing.inclusion-europe.eu\/fr\/wp-json\/wp\/v2\/pages\/109\/revisions"}],"predecessor-version":[{"id":541,"href":"https:\/\/safesurfing.inclusion-europe.eu\/fr\/wp-json\/wp\/v2\/pages\/109\/revisions\/541"}],"wp:attachment":[{"href":"https:\/\/safesurfing.inclusion-europe.eu\/fr\/wp-json\/wp\/v2\/media?parent=109"}],"curies":[{"name":"wp","href":"https:\/\/api.w.org\/{rel}","templated":true}]}}