{"id":53,"date":"2015-01-12T11:22:17","date_gmt":"2015-01-12T11:22:17","guid":{"rendered":"http:\/\/www.safesurfing.eu\/?page_id=53"},"modified":"2016-02-10T15:27:31","modified_gmt":"2016-02-10T15:27:31","slug":"what-is-safesurfing","status":"publish","type":"page","link":"https:\/\/safesurfing.inclusion-europe.eu\/es\/what-is-safesurfing\/","title":{"rendered":"Qu\u00e9 es SafeSurfing"},"content":{"rendered":"<p><span style=\"font-family: arial, helvetica, sans-serif; font-size: 14pt;\">Inclusion Europe y otras organizaciones han empezado un proyecto.<\/span><\/p>\n<p><span style=\"font-family: arial, helvetica, sans-serif; font-size: 14pt;\">El proyecto se llama SafeSurfing.<img loading=\"lazy\" class=\"alignright size-full wp-image-143\" src=\"http:\/\/safesurfing.inclusion-europe.eu\/wp-contentuploads\/2015\/01\/etr.png\" alt=\"etr\" width=\"89\" height=\"89\" \/><\/span><\/p>\n<p><span style=\"font-family: arial, helvetica, sans-serif; font-size: 14pt;\">SafeSurfing ayudar\u00e1 a las personas con discapacidad<br \/>\na usar Internet de forma m\u00e1s segura.<\/span><\/p>\n<p><span style=\"font-family: arial, helvetica, sans-serif; font-size: 14pt;\">Aunque Internet es \u00fatil por muchas razones, a veces puede ser peligroso.<\/span><\/p>\n<p><span style=\"font-family: arial, helvetica, sans-serif; font-size: 14pt;\">Por ejemplo, en Internet hay personas que roban informaci\u00f3n personal<br \/>\no que hacen da\u00f1o a otras\u00a0personas.<\/span><\/p>\n<p><span style=\"font-family: arial, helvetica, sans-serif; font-size: 14pt;\">Las personas con discapacidad corren el riesgo de que alguien les haga da\u00f1o.<\/span><\/p>\n<p><span style=\"font-family: arial, helvetica, sans-serif; font-size: 14pt;\">Para acabar con esto, el proyecto SafeSurfing ense\u00f1ar\u00e1<br \/>\na personas con discapacidad intelectual a usar\u00a0Internet de forma segura.<\/span><\/p>\n<hr \/>\n<p>SafeSurfing es un proyecto innovador para formar a personas con discapacidad intelectual sobre la\u00a0protecci\u00f3n de datos y sobre c\u00f3mo comportarse de forma segura en l\u00ednea. Queremos que las personas\u00a0con discapacidad intelectual reciban el apoyo personal y los conocimientos necesarios para decidir qu\u00e9\u00a0informaci\u00f3n desean compartir con otros.<\/p>\n<p>Safe Surfing parte del conocimiento de que, consciente o inconscientemente, nos enfrentamos a\u00a0muchos peligros cuando usamos Internet. Un 17% de los europeos son v\u00edctima del robo de identidad\u00a0cada a\u00f1o, por lo que la protecci\u00f3n de datos es un problema importante para todos los ciudadanos\u00a0europeos y, especialmente, para las personas con discapacidad intelectual.\u00a0Dentro del marco del proyecto SafeSurfing, Inclusion Europe y sus socios Mencap, Anffas, Feaps y\u00a0PSOUU, alcanzar\u00e1n directamente a m\u00e1s de 1000 personas con discapacidad intelectual a trav\u00e9s de\u00a0sesiones en l\u00ednea interactivas que ofrecen a los participantes la posibilidad de plantear preguntas en\u00a0tiempo real. Adem\u00e1s, miles m\u00e1s podr\u00e1n beneficiarse de cinco v\u00eddeos de formaci\u00f3n sobre diferentes\u00a0\u00e1reas relacionadas con la protecci\u00f3n de datos, que van a producir y compartir los socios de SafeSurfing.<\/p>","protected":false},"excerpt":{"rendered":"<p>Inclusion Europe y otras organizaciones han empezado un proyecto. El proyecto se llama SafeSurfing. SafeSurfing ayudar\u00e1 a las personas con discapacidad a usar Internet de forma m\u00e1s segura. Aunque Internet es \u00fatil por muchas razones, a veces puede ser peligroso. Por ejemplo, en Internet hay personas que roban informaci\u00f3n personal o que hacen da\u00f1o a [&hellip;]<\/p>\n","protected":false},"author":1,"featured_media":121,"parent":0,"menu_order":0,"comment_status":"closed","ping_status":"closed","template":"","meta":[],"_links":{"self":[{"href":"https:\/\/safesurfing.inclusion-europe.eu\/es\/wp-json\/wp\/v2\/pages\/53"}],"collection":[{"href":"https:\/\/safesurfing.inclusion-europe.eu\/es\/wp-json\/wp\/v2\/pages"}],"about":[{"href":"https:\/\/safesurfing.inclusion-europe.eu\/es\/wp-json\/wp\/v2\/types\/page"}],"author":[{"embeddable":true,"href":"https:\/\/safesurfing.inclusion-europe.eu\/es\/wp-json\/wp\/v2\/users\/1"}],"replies":[{"embeddable":true,"href":"https:\/\/safesurfing.inclusion-europe.eu\/es\/wp-json\/wp\/v2\/comments?post=53"}],"version-history":[{"count":41,"href":"https:\/\/safesurfing.inclusion-europe.eu\/es\/wp-json\/wp\/v2\/pages\/53\/revisions"}],"predecessor-version":[{"id":540,"href":"https:\/\/safesurfing.inclusion-europe.eu\/es\/wp-json\/wp\/v2\/pages\/53\/revisions\/540"}],"wp:featuredmedia":[{"embeddable":true,"href":"https:\/\/safesurfing.inclusion-europe.eu\/es\/wp-json\/wp\/v2\/media\/121"}],"wp:attachment":[{"href":"https:\/\/safesurfing.inclusion-europe.eu\/es\/wp-json\/wp\/v2\/media?parent=53"}],"curies":[{"name":"wp","href":"https:\/\/api.w.org\/{rel}","templated":true}]}}