{"id":427,"date":"2016-01-28T11:38:22","date_gmt":"2016-01-28T11:38:22","guid":{"rendered":"http:\/\/www.safesurfing.eu\/?page_id=427"},"modified":"2016-10-04T10:10:58","modified_gmt":"2016-10-04T09:10:58","slug":"registrations","status":"publish","type":"page","link":"https:\/\/safesurfing.inclusion-europe.eu\/es\/registrations\/","title":{"rendered":"Inscripciones"},"content":{"rendered":"<p><span style=\"font-family: arial, helvetica, sans-serif; font-size: 14pt;\">\u00a1Participa en las sesiones de entrenamiento online del proyecto Safe Surfing!<\/span><\/p>\n<p><span style=\"font-family: arial, helvetica, sans-serif; font-size: 14pt;\">El proyecto Safe Surfing ense\u00f1a<br \/>\na las personas con discapacidad intelectual<br \/>\na mantener su informaci\u00f3n protegida mientras navegan por la red.<\/span><\/p>\n<p><span style=\"font-family: arial, helvetica, sans-serif; font-size: 14pt;\">Internet es \u00fatil en muchas ocasiones, en otras, sin embargo, puede ser peligroso.<a href=\"http:\/\/safesurfing.inclusion-europe.eu\/wp-contentuploads\/2015\/01\/etr.png\"><img loading=\"lazy\" class=\"alignright size-full wp-image-143\" src=\"http:\/\/safesurfing.inclusion-europe.eu\/wp-contentuploads\/2015\/01\/etr.png\" alt=\"etr\" width=\"89\" height=\"89\" \/><\/a><\/span><\/p>\n<p><span style=\"font-family: arial, helvetica, sans-serif; font-size: 14pt;\">Algunos ejemplos que muestran los peligros de Internet son,<br \/>\ncuando alguien te roba tu informaci\u00f3n personal<br \/>\no cuando las personas tratan de hacer da\u00f1o a otras personas.<\/span><\/p>\n<p><span style=\"font-family: arial, helvetica, sans-serif; font-size: 14pt;\">Las personas con discapacidad intelectual corren un gran riesgo de hacerse da\u00f1o.<\/span><\/p>\n<p><span style=\"font-family: arial, helvetica, sans-serif; font-size: 14pt;\">Para evitarlo, Safe Surfing ayudar\u00e1 a las personas con discapacidad intelectual.<\/span><\/p>\n<p><span style=\"font-family: arial, helvetica, sans-serif; font-size: 14pt;\">\u00bfC\u00f3mo?<\/span><\/p>\n<p><span style=\"font-family: arial, helvetica, sans-serif; font-size: 14pt;\">Habr\u00e1n 5 sesiones de entrenamiento.<\/span><\/p>\n<p><span style=\"font-family: arial, helvetica, sans-serif; font-size: 14pt;\">En este entrenamiento, aprender\u00e1s sobre:<\/span><\/p>\n<ul>\n<li><span style=\"font-family: arial, helvetica, sans-serif; font-size: 14pt;\">Que significa datos personales y c\u00f3mo proteger tu informaci\u00f3n personal<\/span><\/li>\n<li><span style=\"font-family: arial, helvetica, sans-serif; font-size: 14pt;\">Los peligros de Internet<\/span><\/li>\n<li><span style=\"font-family: arial, helvetica, sans-serif; font-size: 14pt;\">Aparatos m\u00f3viles y apps<\/span><\/li>\n<li><span style=\"font-family: arial, helvetica, sans-serif; font-size: 14pt;\">C\u00f3mo protegerte en Facebook<\/span><\/li>\n<li><span style=\"font-family: arial, helvetica, sans-serif; font-size: 14pt;\">Que debes compartir en Internet<\/span><\/li>\n<\/ul>\n<p><span style=\"font-family: arial, helvetica, sans-serif; font-size: 14pt;\">Recibir\u00e1s informaci\u00f3n antes y despu\u00e9s de la sesi\u00f3n.<\/span><\/p>\n<p><span style=\"font-family: arial, helvetica, sans-serif; font-size: 14pt;\">Durante la sesi\u00f3n, el instructor te dar\u00e1 explicaciones, consejos y ejercicios.<\/span><\/p>\n<p><span style=\"font-family: arial, helvetica, sans-serif; font-size: 14pt;\">Podr\u00e1s hacer preguntas al instructor durante la sesi\u00f3n<br \/>\n<\/span><span style=\"font-family: arial, helvetica, sans-serif; font-size: 14pt;\">y por supuesto, mandarle un email antes o despu\u00e9s de la sesi\u00f3n.<\/span><\/p>\n<p><span style=\"font-family: arial, helvetica, sans-serif; font-size: 14pt;\">Cada sesi\u00f3n dura aproximadamente unos 30 minutos.<\/span><\/p>\n<p><span style=\"font-family: arial, helvetica, sans-serif; font-size: 14pt;\">En algunas sesiones, te ser\u00e1 m\u00e1s f\u00e1cil aprender<br \/>\nsi tienes una persona de apoyo a tu lado.<\/span><\/p>\n<p><span style=\"font-family: arial, helvetica, sans-serif; font-size: 14pt;\">Puede ser un amigo o familiar.<br \/>\n<\/span><span style=\"font-family: arial, helvetica, sans-serif; font-size: 14pt;\">Siempre y cuando sea una persona que use Internet.<\/span><\/p>\n<p><span style=\"font-family: arial, helvetica, sans-serif; font-size: 14pt;\">Las sesiones empezar\u00e1n a mediados de Marzo y terminar\u00e1n a finales de Abril.<\/span><\/p>\n<p><span style=\"font-size: 14pt; font-family: arial, helvetica, sans-serif;\">Si quieres inscribirte a los entrenamientos online en Espa\u00f1ol, <\/span><br \/>\n<span style=\"font-size: 14pt; font-family: arial, helvetica, sans-serif;\">porfavor rellena el formulario que encontrar\u00e1s pulsando <a href=\"http:\/\/safesurfing.inclusion-europe.eues\/espanol-spanish-form\/\">aqu\u00ed.<\/a><\/span><\/p>\n<p><span style=\"font-size: 14pt; font-family: arial, helvetica, sans-serif;\">Si tienes alguna pregunta, porfavor manda un email a\u00a0<a href=\"mailto:rosaperezgil@plenainclusion.org\" target=\"_blank\">rosaperezgil@plenainclusion.<wbr \/>org<\/a><\/span><\/p>","protected":false},"excerpt":{"rendered":"<p>\u00a1Participa en las sesiones de entrenamiento online del proyecto Safe Surfing! El proyecto Safe Surfing ense\u00f1a a las personas con discapacidad intelectual a mantener su informaci\u00f3n protegida mientras navegan por la red. Internet es \u00fatil en muchas ocasiones, en otras, sin embargo, puede ser peligroso. Algunos ejemplos que muestran los peligros de Internet son, cuando [&hellip;]<\/p>\n","protected":false},"author":1,"featured_media":0,"parent":0,"menu_order":0,"comment_status":"open","ping_status":"open","template":"","meta":[],"_links":{"self":[{"href":"https:\/\/safesurfing.inclusion-europe.eu\/es\/wp-json\/wp\/v2\/pages\/427"}],"collection":[{"href":"https:\/\/safesurfing.inclusion-europe.eu\/es\/wp-json\/wp\/v2\/pages"}],"about":[{"href":"https:\/\/safesurfing.inclusion-europe.eu\/es\/wp-json\/wp\/v2\/types\/page"}],"author":[{"embeddable":true,"href":"https:\/\/safesurfing.inclusion-europe.eu\/es\/wp-json\/wp\/v2\/users\/1"}],"replies":[{"embeddable":true,"href":"https:\/\/safesurfing.inclusion-europe.eu\/es\/wp-json\/wp\/v2\/comments?post=427"}],"version-history":[{"count":64,"href":"https:\/\/safesurfing.inclusion-europe.eu\/es\/wp-json\/wp\/v2\/pages\/427\/revisions"}],"predecessor-version":[{"id":1290,"href":"https:\/\/safesurfing.inclusion-europe.eu\/es\/wp-json\/wp\/v2\/pages\/427\/revisions\/1290"}],"wp:attachment":[{"href":"https:\/\/safesurfing.inclusion-europe.eu\/es\/wp-json\/wp\/v2\/media?parent=427"}],"curies":[{"name":"wp","href":"https:\/\/api.w.org\/{rel}","templated":true}]}}