{"id":2511,"date":"2017-02-01T20:52:48","date_gmt":"2017-02-01T20:52:48","guid":{"rendered":"http:\/\/www.safesurfing.eu\/?page_id=2511"},"modified":"2017-02-15T21:31:29","modified_gmt":"2017-02-15T21:31:29","slug":"training-materials","status":"publish","type":"page","link":"https:\/\/safesurfing.inclusion-europe.eu\/es\/training-materials\/","title":{"rendered":"(English) Training materials"},"content":{"rendered":"<p class=\"qtranxs-available-languages-message qtranxs-available-languages-message-es\">Disculpa, pero esta entrada est\u00e1 disponible s\u00f3lo en <a href=\"https:\/\/safesurfing.inclusion-europe.eu\/en\/wp-json\/wp\/v2\/pages\/2511\" class=\"qtranxs-available-language-link qtranxs-available-language-link-en\" title=\"English\">Ingl\u00e9s Estadounidense<\/a>.<\/p>","protected":false},"excerpt":{"rendered":"<p>Disculpa, pero esta entrada est\u00e1 disponible s\u00f3lo en Ingl\u00e9s Estadounidense.<\/p>\n","protected":false},"author":2,"featured_media":0,"parent":0,"menu_order":0,"comment_status":"closed","ping_status":"closed","template":"","meta":[],"_links":{"self":[{"href":"https:\/\/safesurfing.inclusion-europe.eu\/es\/wp-json\/wp\/v2\/pages\/2511"}],"collection":[{"href":"https:\/\/safesurfing.inclusion-europe.eu\/es\/wp-json\/wp\/v2\/pages"}],"about":[{"href":"https:\/\/safesurfing.inclusion-europe.eu\/es\/wp-json\/wp\/v2\/types\/page"}],"author":[{"embeddable":true,"href":"https:\/\/safesurfing.inclusion-europe.eu\/es\/wp-json\/wp\/v2\/users\/2"}],"replies":[{"embeddable":true,"href":"https:\/\/safesurfing.inclusion-europe.eu\/es\/wp-json\/wp\/v2\/comments?post=2511"}],"version-history":[{"count":2,"href":"https:\/\/safesurfing.inclusion-europe.eu\/es\/wp-json\/wp\/v2\/pages\/2511\/revisions"}],"predecessor-version":[{"id":2574,"href":"https:\/\/safesurfing.inclusion-europe.eu\/es\/wp-json\/wp\/v2\/pages\/2511\/revisions\/2574"}],"wp:attachment":[{"href":"https:\/\/safesurfing.inclusion-europe.eu\/es\/wp-json\/wp\/v2\/media?parent=2511"}],"curies":[{"name":"wp","href":"https:\/\/api.w.org\/{rel}","templated":true}]}}