{"id":24,"date":"2015-01-12T11:07:16","date_gmt":"2015-01-12T11:07:16","guid":{"rendered":"http:\/\/www.safesurfing.eu\/?page_id=24"},"modified":"2016-02-10T15:32:12","modified_gmt":"2016-02-10T15:32:12","slug":"contact","status":"publish","type":"page","link":"https:\/\/safesurfing.inclusion-europe.eu\/es\/contact\/","title":{"rendered":"Contacto"},"content":{"rendered":"<p class=\"qtranxs-available-languages-message qtranxs-available-languages-message-es\">Disculpa, pero esta entrada est\u00e1 disponible s\u00f3lo en <a href=\"https:\/\/safesurfing.inclusion-europe.eu\/en\/wp-json\/wp\/v2\/pages\/24\" class=\"qtranxs-available-language-link qtranxs-available-language-link-en\" title=\"English\">Ingl\u00e9s Estadounidense<\/a> y <a href=\"https:\/\/safesurfing.inclusion-europe.eu\/fr\/wp-json\/wp\/v2\/pages\/24\" class=\"qtranxs-available-language-link qtranxs-available-language-link-fr\" title=\"Fran\u00e7ais\">Franc\u00e9s<\/a>.<\/p>","protected":false},"excerpt":{"rendered":"<p>Disculpa, pero esta entrada est\u00e1 disponible s\u00f3lo en Ingl\u00e9s Estadounidense y Franc\u00e9s.<\/p>\n","protected":false},"author":1,"featured_media":0,"parent":0,"menu_order":9,"comment_status":"closed","ping_status":"closed","template":"","meta":[],"_links":{"self":[{"href":"https:\/\/safesurfing.inclusion-europe.eu\/es\/wp-json\/wp\/v2\/pages\/24"}],"collection":[{"href":"https:\/\/safesurfing.inclusion-europe.eu\/es\/wp-json\/wp\/v2\/pages"}],"about":[{"href":"https:\/\/safesurfing.inclusion-europe.eu\/es\/wp-json\/wp\/v2\/types\/page"}],"author":[{"embeddable":true,"href":"https:\/\/safesurfing.inclusion-europe.eu\/es\/wp-json\/wp\/v2\/users\/1"}],"replies":[{"embeddable":true,"href":"https:\/\/safesurfing.inclusion-europe.eu\/es\/wp-json\/wp\/v2\/comments?post=24"}],"version-history":[{"count":7,"href":"https:\/\/safesurfing.inclusion-europe.eu\/es\/wp-json\/wp\/v2\/pages\/24\/revisions"}],"predecessor-version":[{"id":547,"href":"https:\/\/safesurfing.inclusion-europe.eu\/es\/wp-json\/wp\/v2\/pages\/24\/revisions\/547"}],"wp:attachment":[{"href":"https:\/\/safesurfing.inclusion-europe.eu\/es\/wp-json\/wp\/v2\/media?parent=24"}],"curies":[{"name":"wp","href":"https:\/\/api.w.org\/{rel}","templated":true}]}}