{"id":190,"date":"2015-08-11T11:13:05","date_gmt":"2015-08-11T10:13:05","guid":{"rendered":"http:\/\/www.safesurfing.eu\/?page_id=190"},"modified":"2016-02-18T12:52:37","modified_gmt":"2016-02-18T12:52:37","slug":"blog","status":"publish","type":"page","link":"https:\/\/safesurfing.inclusion-europe.eu\/es\/blog\/","title":{"rendered":"Blog"},"content":{"rendered":"<p>\u00a0<\/p>\n<h3>SafeSurfing- Proyecto Europeo de Seguridad en L\u00ednea<\/h3>\n<p><span style=\"font-family: arial, helvetica, sans-serif; font-size: 14pt;\"><br \/>\nSoy Amy y formo parte de un proyecto llamado <\/span><span style=\"font-family: arial, helvetica, sans-serif; font-size: 14pt;\">SafeSurfing,\u00a0que realiza una organizaci\u00f3n llamada\u00a0Inclusion Europe.<img loading=\"lazy\" class=\"alignright  wp-image-267\" src=\"http:\/\/safesurfing.inclusion-europe.eu\/wp-contentuploads\/2015\/10\/Transport_650x400_1-300x185.jpg\" alt=\"Transport_650x400_1\" width=\"279\" height=\"172\" srcset=\"https:\/\/safesurfing.inclusion-europe.eu\/wp-content\/uploads\/2015\/10\/Transport_650x400_1-300x185.jpg 300w, https:\/\/safesurfing.inclusion-europe.eu\/wp-content\/uploads\/2015\/10\/Transport_650x400_1.jpg 650w\" sizes=\"(max-width: 279px) 100vw, 279px\" \/><\/span><\/p>\n<p><span style=\"font-family: arial, helvetica, sans-serif; font-size: 14pt;\">SafeSurfing trata sobre educar a los j\u00f3venes con discapacidad intelectual a usar Internet de forma\u00a0segura.<br \/>\n<\/span><span style=\"font-family: arial, helvetica, sans-serif; font-size: 14pt;\">Os voy a ir contando c\u00f3mo va el proyecto y mis aventuras.<\/span><\/p>\n<p><span style=\"font-family: arial, helvetica, sans-serif; font-size: 14pt;\">Como parte del proyecto voy a viajar por toda Europa y me voy a reunir con personas de\u00a0diferentes\u00a0culturas.<\/span><span style=\"font-family: arial, helvetica, sans-serif; font-size: 14pt;\">\u00a1Qu\u00e9 emocionante!<\/span><\/p>\n<p><span style=\"font-family: arial, helvetica, sans-serif; font-size: 14pt;\">No es algo a lo que estoy acostumbrada en mi trabajo diario como Asistente Digital en Mencap.<br \/>\nLo m\u00e1s\u00a0lejos que he viajado recientemente ha sido a Birmingham, \u00a1una ciudad que est\u00e1 solo a dos horas de\u00a0Londres! Birmingham no est\u00e1 mal, pero no es Italia.<\/span><\/p>\n<p><span style=\"font-family: arial, helvetica, sans-serif; font-size: 14pt;\">As\u00ed que viajar por Europa va a ser algo desconocido para m\u00ed, pero estoy dispuesta a probar.<br \/>\nSiempre digo\u00a0que \u201chay siempre que probar algo una vez en la vida\u201d. As\u00ed que estoy muy emocionada.<\/span><\/p>\n<p><span style=\"font-family: arial, helvetica, sans-serif; font-size: 14pt;\">Para conocer mejor el proyecto SafeSurfing tuvimos una reuni\u00f3n en Londres en enero de 2015 con\u00a0Inclusion Europe y el resto de los socios europeos, de Italia, Espa\u00f1a o Polonia, que tambi\u00e9n trabajan en el\u00a0proyecto.<\/span><\/p>\n<p><span style=\"font-family: arial, helvetica, sans-serif; font-size: 14pt;\">En la reuni\u00f3n fue genial conocer a todo el mundo. Todos me parecieron muy amables y era f\u00e1cil llevarse\u00a0bien, aunque no hablaba su idioma.<\/span><\/p>\n<p><span style=\"font-family: arial, helvetica, sans-serif; font-size: 14pt;\">Tras la reuni\u00f3n, mi papel en el proyecto ser\u00e1 apoyar en la producci\u00f3n de un v\u00eddeo.<br \/>\nEl v\u00eddeo tiene como\u00a0objetivo concienciar a las personas con discapacidad de aprendizaje a usar Internet de forma segura.<\/span><\/p>\n<p><span style=\"font-family: arial, helvetica, sans-serif; font-size: 14pt;\">Tambi\u00e9n voy a apoyar en el dise\u00f1o y en la realizaci\u00f3n de una formaci\u00f3n en l\u00ednea para las personas con\u00a0discapacidad de aprendizaje en los pr\u00f3ximos meses.<\/span><\/p>\n<p><span style=\"font-family: arial, helvetica, sans-serif; font-size: 14pt;\">En los pr\u00f3ximos meses espero poder escribir sobre mi viaje a Roma y sobre la grabaci\u00f3n del v\u00eddeo.<\/span><\/p>\n<p><span style=\"font-family: arial, helvetica, sans-serif; font-size: 14pt;\">\u00a1As\u00ed que estad atentos!<\/span><\/p>\n<p><span style=\"font-family: arial, helvetica, sans-serif; font-size: 14pt;\">Hasta pronto y cuidaros.<\/span><\/p>","protected":false},"excerpt":{"rendered":"<p>\u00a0 SafeSurfing- Proyecto Europeo de Seguridad en L\u00ednea Soy Amy y formo parte de un proyecto llamado SafeSurfing,\u00a0que realiza una organizaci\u00f3n llamada\u00a0Inclusion Europe. SafeSurfing trata sobre educar a los j\u00f3venes con discapacidad intelectual a usar Internet de forma\u00a0segura. Os voy a ir contando c\u00f3mo va el proyecto y mis aventuras. Como parte del proyecto voy [&hellip;]<\/p>\n","protected":false},"author":1,"featured_media":0,"parent":0,"menu_order":0,"comment_status":"open","ping_status":"closed","template":"","meta":[],"_links":{"self":[{"href":"https:\/\/safesurfing.inclusion-europe.eu\/es\/wp-json\/wp\/v2\/pages\/190"}],"collection":[{"href":"https:\/\/safesurfing.inclusion-europe.eu\/es\/wp-json\/wp\/v2\/pages"}],"about":[{"href":"https:\/\/safesurfing.inclusion-europe.eu\/es\/wp-json\/wp\/v2\/types\/page"}],"author":[{"embeddable":true,"href":"https:\/\/safesurfing.inclusion-europe.eu\/es\/wp-json\/wp\/v2\/users\/1"}],"replies":[{"embeddable":true,"href":"https:\/\/safesurfing.inclusion-europe.eu\/es\/wp-json\/wp\/v2\/comments?post=190"}],"version-history":[{"count":54,"href":"https:\/\/safesurfing.inclusion-europe.eu\/es\/wp-json\/wp\/v2\/pages\/190\/revisions"}],"predecessor-version":[{"id":576,"href":"https:\/\/safesurfing.inclusion-europe.eu\/es\/wp-json\/wp\/v2\/pages\/190\/revisions\/576"}],"wp:attachment":[{"href":"https:\/\/safesurfing.inclusion-europe.eu\/es\/wp-json\/wp\/v2\/media?parent=190"}],"curies":[{"name":"wp","href":"https:\/\/api.w.org\/{rel}","templated":true}]}}