{"id":17,"date":"2015-01-12T11:00:19","date_gmt":"2015-01-12T11:00:19","guid":{"rendered":"http:\/\/www.safesurfing.eu\/?page_id=17"},"modified":"2016-02-10T15:30:02","modified_gmt":"2016-02-10T15:30:02","slug":"partners","status":"publish","type":"page","link":"https:\/\/safesurfing.inclusion-europe.eu\/es\/partners\/","title":{"rendered":"Socios"},"content":{"rendered":"<p>El proyecto SafeSurfing se beneficia de la amplia experiencia de sus socios en el apoyo a personas con\u00a0discapacidad intelectual y en la defensa de sus derechos a nivel europeo.<\/p>\n<table cellspacing=\"5\">\n<tbody>\n<tr>\n<td><a style=\"line-height: 20px;\" href=\"http:\/\/safesurfing.inclusion-europe.eu\/wp-contentuploads\/2015\/01\/Inclusion-Europe-logo.jpg\"><span style=\"color: #5a5a5a;\"><img loading=\"lazy\" class=\"alignleft wp-image-127 size-medium\" src=\"http:\/\/safesurfing.inclusion-europe.eu\/wp-contentuploads\/2015\/01\/Inclusion-Europe-logo-300x265.jpg\" alt=\"Inclusion Europe logo\" width=\"300\" height=\"265\" srcset=\"https:\/\/safesurfing.inclusion-europe.eu\/wp-content\/uploads\/2015\/01\/Inclusion-Europe-logo-300x265.jpg 300w, https:\/\/safesurfing.inclusion-europe.eu\/wp-content\/uploads\/2015\/01\/Inclusion-Europe-logo.jpg 391w\" sizes=\"(max-width: 300px) 100vw, 300px\" \/><\/span><\/a><\/td>\n<td><span style=\"line-height: 20px;\">\u00a0<\/span><\/td>\n<td><span style=\"line-height: 20px;\">Inclusion Europe es una asociaci\u00f3n compuesta por personas con discapacidad intelectual y sus familias\u00a0de toda Europa. Creada en 1988, la organizaci\u00f3n lucha por la igualdad de derechos para personas con\u00a0discapacidad intelectual y para sus familias en todos los \u00e1mbitos de la vida. Inclusion Europe cuenta con\u00a0una amplia red de miembros en toda Europa tanto a nivel local como a nivel nacional.<\/span><\/td>\n<\/tr>\n<tr>\n<td><a style=\"line-height: 20px;\" href=\"http:\/\/safesurfing.inclusion-europe.eu\/wp-contentuploads\/2015\/01\/mencap_logo_rgb_screen_res.jpg\"><span style=\"color: #5a5a5a;\"><img loading=\"lazy\" class=\"alignleft wp-image-128 size-medium\" src=\"http:\/\/safesurfing.inclusion-europe.eu\/wp-contentuploads\/2015\/01\/mencap_logo_rgb_screen_res-300x183.jpg\" alt=\"Print\" width=\"300\" height=\"183\" srcset=\"https:\/\/safesurfing.inclusion-europe.eu\/wp-content\/uploads\/2015\/01\/mencap_logo_rgb_screen_res-300x183.jpg 300w, https:\/\/safesurfing.inclusion-europe.eu\/wp-content\/uploads\/2015\/01\/mencap_logo_rgb_screen_res.jpg 490w\" sizes=\"(max-width: 300px) 100vw, 300px\" \/><\/span><\/a><\/td>\n<td><span style=\"line-height: 20px;\">\u00a0<\/span><\/td>\n<td><span style=\"line-height: 20px;\">Mencap es la voz de la discapacidad de aprendizaje en el Reino Unido. Mencap apoya a personas con\u00a0una discapacidad de aprendizaje, a sus familias y a sus cuidadores. Mencap trabaja para mejorar los servicios, para luchar contra los prejuicios y apoya directamente a miles de personas para que puedan\u00a0vivir como desean.<\/span><\/td>\n<\/tr>\n<tr>\n<td><span style=\"line-height: 20px;\">\u00a0<a href=\"http:\/\/safesurfing.inclusion-europe.eu\/wp-contentuploads\/2015\/01\/ANFFAS_-_Associazione_Nazionale_Famiglie_di_Disabili_Intellettivi_e_Relazionali_-_Cesena_maxw300.jpg\"><img loading=\"lazy\" class=\"alignleft wp-image-130 size-medium\" src=\"http:\/\/safesurfing.inclusion-europe.eu\/wp-contentuploads\/2015\/01\/ANFFAS_-_Associazione_Nazionale_Famiglie_di_Disabili_Intellettivi_e_Relazionali_-_Cesena_maxw300-300x167.jpg\" alt=\"ANFFAS_-_Associazione_Nazionale_Famiglie_di_Disabili_Intellettivi_e_Relazionali_-_Cesena_maxw300\" width=\"300\" height=\"167\" \/><\/a><\/span><\/td>\n<td><span style=\"line-height: 20px;\">\u00a0<\/span><\/td>\n<td><span style=\"line-height: 20px;\">Anffas Onlus, Asociaci\u00f3n Nacional de Familias de Personas con Discapacidad Intelectual y del Desarrollo,\u00a0est\u00e1 compuesta por un grupo muy numeroso de padres, familias y amigos de personas con discapacidad\u00a0intelectual o del desarrollo. Anffas tiene su sede principal en Roma y cuenta con <\/span><\/p>\n<ul>\n<li>169 asociaciones\u00a0locales<\/li>\n<li>16 \u00f3rganos regionales<\/li>\n<li>48 agencias.<\/li>\n<\/ul>\n<p><span style=\"line-height: 20px;\">Anffas promueve los principios de la igualdad de\u00a0oportunidades, de la no discriminaci\u00f3n, de la inclusi\u00f3n social, as\u00ed como de la protecci\u00f3n de los derechos\u00a0humanos de personas con discapacidad y de sus familiares.<\/span><\/td>\n<\/tr>\n<tr>\n<td><a style=\"line-height: 20px;\" href=\"http:\/\/safesurfing.inclusion-europe.eu\/wp-contentuploads\/2015\/01\/Plena-Inclusion-Logo.jpeg\"><span style=\"color: #5a5a5a;\"><img loading=\"lazy\" class=\"alignright size-medium wp-image-358\" src=\"http:\/\/safesurfing.inclusion-europe.eu\/wp-contentuploads\/2015\/01\/Plena-Inclusion-Logo-300x212.jpeg\" alt=\"Plena Inclusion Logo\" width=\"300\" height=\"212\" srcset=\"https:\/\/safesurfing.inclusion-europe.eu\/wp-content\/uploads\/2015\/01\/Plena-Inclusion-Logo-300x212.jpeg 300w, https:\/\/safesurfing.inclusion-europe.eu\/wp-content\/uploads\/2015\/01\/Plena-Inclusion-Logo.jpeg 408w\" sizes=\"(max-width: 300px) 100vw, 300px\" \/><\/span><\/a><\/td>\n<td><span style=\"line-height: 20px;\">\u00a0<\/span><\/td>\n<td><span style=\"line-height: 20px;\">Plena Inclusi\u00f3n es la Federaci\u00f3n Espa\u00f1ola de Organizaciones de Personas con Discapacidad Intelectual.<br \/>\nCreada en 1964, Plena Inclusi\u00f3n representa actualmente a m\u00e1s de 140.000 personas con discapacidad intelectual\u00a0y trabaja para mejorar su calidad de vida y garantizar su inclusi\u00f3n en la sociedad.<\/span><\/td>\n<\/tr>\n<tr>\n<td><span style=\"line-height: 20px;\">\u00a0<a href=\"http:\/\/safesurfing.inclusion-europe.eu\/wp-contentuploads\/2015\/01\/logo_psouu.jpg\"><img loading=\"lazy\" class=\"alignright wp-image-132 size-medium\" src=\"http:\/\/safesurfing.inclusion-europe.eu\/wp-contentuploads\/2015\/01\/logo_psouu-231x300.jpg\" alt=\"logo_psouu\" width=\"231\" height=\"300\" srcset=\"https:\/\/safesurfing.inclusion-europe.eu\/wp-content\/uploads\/2015\/01\/logo_psouu-231x300.jpg 231w, https:\/\/safesurfing.inclusion-europe.eu\/wp-content\/uploads\/2015\/01\/logo_psouu.jpg 545w\" sizes=\"(max-width: 231px) 100vw, 231px\" \/><\/a><\/span><\/td>\n<td><span style=\"line-height: 20px;\">\u00a0<\/span><\/td>\n<td>PSONI, la Asociaci\u00f3n Polaca de Personas con Discapacidad Intelectual, es una organizaci\u00f3n nacional\u00a0creada en 1991. La misi\u00f3n de la asociaci\u00f3n es:<\/p>\n<ul>\n<li>proteger la dignidad humana<\/li>\n<li>lograr un sitio en la familia y\u00a0en la sociedad<\/li>\n<li>mejorar la calidad de vida de las personas con discapacidad intelectual, con el fin de que\u00a0puedan participar activamente en la vida social, as\u00ed como apoyarles para que se les acepte y puedan vivir\u00a0de forma aut\u00f3noma en su vida cotidiana.<\/li>\n<\/ul>\n<p><span style=\"line-height: 20px;\">\u00a0<\/span><\/td>\n<\/tr>\n<\/tbody>\n<\/table>\n<p><\/p>","protected":false},"excerpt":{"rendered":"<p>El proyecto SafeSurfing se beneficia de la amplia experiencia de sus socios en el apoyo a personas con\u00a0discapacidad intelectual y en la defensa de sus derechos a nivel europeo. \u00a0 Inclusion Europe es una asociaci\u00f3n compuesta por personas con discapacidad intelectual y sus familias\u00a0de toda Europa. Creada en 1988, la organizaci\u00f3n lucha por la igualdad [&hellip;]<\/p>\n","protected":false},"author":1,"featured_media":0,"parent":0,"menu_order":3,"comment_status":"closed","ping_status":"closed","template":"","meta":[],"_links":{"self":[{"href":"https:\/\/safesurfing.inclusion-europe.eu\/es\/wp-json\/wp\/v2\/pages\/17"}],"collection":[{"href":"https:\/\/safesurfing.inclusion-europe.eu\/es\/wp-json\/wp\/v2\/pages"}],"about":[{"href":"https:\/\/safesurfing.inclusion-europe.eu\/es\/wp-json\/wp\/v2\/types\/page"}],"author":[{"embeddable":true,"href":"https:\/\/safesurfing.inclusion-europe.eu\/es\/wp-json\/wp\/v2\/users\/1"}],"replies":[{"embeddable":true,"href":"https:\/\/safesurfing.inclusion-europe.eu\/es\/wp-json\/wp\/v2\/comments?post=17"}],"version-history":[{"count":30,"href":"https:\/\/safesurfing.inclusion-europe.eu\/es\/wp-json\/wp\/v2\/pages\/17\/revisions"}],"predecessor-version":[{"id":542,"href":"https:\/\/safesurfing.inclusion-europe.eu\/es\/wp-json\/wp\/v2\/pages\/17\/revisions\/542"}],"wp:attachment":[{"href":"https:\/\/safesurfing.inclusion-europe.eu\/es\/wp-json\/wp\/v2\/media?parent=17"}],"curies":[{"name":"wp","href":"https:\/\/api.w.org\/{rel}","templated":true}]}}