{"id":62,"date":"2015-01-12T13:50:40","date_gmt":"2015-01-12T13:50:40","guid":{"rendered":"http:\/\/www.safesurfing.eu\/?page_id=62"},"modified":"2016-02-08T13:59:37","modified_gmt":"2016-02-08T13:59:37","slug":"press-releases","status":"publish","type":"page","link":"http:\/\/safesurfing.inclusion-europe.eu\/pl\/press-releases\/","title":{"rendered":"Press releases"},"content":{"rendered":"<p><strong>R\u00f3wne szanse &#8211; wszyscy obywatele UE maj\u0105 prawo do rozumienia na czym polega ochrona danych w internecie<\/strong><\/p>\n<p style=\"text-align: justify;\">Nikogo ju\u017c nie zaskakuje fakt, \u017ce technologia informacyjna rozwija si\u0119 w niewiarygodnym tempie, a nowe produkty technologiczne staj\u0105 si\u0119 powszechne szybciej ni\u017c kiedykolwiek wcze\u015bniej. Producentom telefon\u00f3w zdobycie 10% rynku zaj\u0119\u0142o 25 lat, producenci tablet\u00f3w potrzebowali na to ju\u017c tylko 5 lat.<\/p>\n<p>Mimo, \u017ce innowacje technologiczne maj\u0105 niezwykle pozytywny wp\u0142yw na \u017cycie wielu ludzi, ryzyko zwi\u0105zane z wszechobecno\u015bci\u0105 narz\u0119dzi technologicznych jest cz\u0119sto niedoceniane, zw\u0142aszcza przez najbardziej zagro\u017cone grupy w spo\u0142ecze\u0144stwie. Konsultacje online prowadzone przez PSOUU i partner\u00f3w w projekcie SafeSurfing wykaza\u0142y, \u017ce wi\u0119kszo\u015b\u0107 os\u00f3b z niepe\u0142nosprawno\u015bci\u0105 intelektualn\u0105 nie jest \u015bwiadoma zagro\u017ce\u0144, kt\u00f3re napotykaj\u0105 podczas udost\u0119pniania swoich danych osobowych w Internecie. Jednocze\u015bnie wida\u0107, \u017ce wiele os\u00f3b z niepe\u0142nosprawno\u015bci\u0105 intelektualn\u0105 mia\u0142o trudno\u015bci ze zrozumieniem zasad i warunk\u00f3w korzystania z okre\u015blonego oprogramowania i aplikacji, a mimo to podpisywa\u0142o zgody i regulaminy.<br \/>\nDlatego na Europejski Dzie\u0144 Ochrony Danych partnerzy SafeSurfing wzywaj\u0105 polityk\u00f3w Unii Europejskiej do uwzgl\u0119dnienia potrzeb os\u00f3b z niepe\u0142nosprawno\u015bci\u0105 intelektualn\u0105 w przygotowywanym projekcie rozporz\u0105dzenia o ochronie danych (rozporz\u0105dzenie Parlamentu Europejskiego i Rady w sprawie ochrony os\u00f3b fizycznych w zwi\u0105zku z przetwarzaniem danych osobowych i swobodnym przep\u0142ywem takich danych). PSOUU i partnerzy postuluj\u0105 opracowanie przejrzystych i prostych procedur wyra\u017cania zgody na udost\u0119pnianie i przetwarzanie danych z uwzgl\u0119dnieniem potrzeb u\u017cytkownik\u00f3w z niepe\u0142nosprawno\u015bciami.\u00a0<a href=\"http:\/\/www.psouu.org.pl\/aktualno%C5%9Bci\/r%C3%B3wne-szanse-wszyscy-obywatele-ue-maj%C4%85-prawo-do-rozumienia-na-czym-polega-ochrona-danych\" target=\"_blank\">Czytaj wi\u0119cej<\/a><\/p>\n<p><strong>SafeSurfing &#8211; osoby z niepe\u0142nosprawno\u015bci\u0105 intelektualn\u0105 szkolone z ochrony danych w internecie<\/strong><\/p>\n<p style=\"text-align: justify;\">Kradzie\u017c to\u017csamo\u015bci, cyberprzest\u0119pczo\u015b\u0107, cyberprzemoc \u2013 ze wszystkimi tymi niebezpiecze\u0144stwami, \u015bwiadomie lub nie\u015bwiadomie, mo\u017cemy spotka\u0107 si\u0119 w czasie pracy w internecie. Ka\u017cdego roku 17 procent Europejczyk\u00f3w pada ofiar\u0105 kradzie\u017cy to\u017csamo\u015bci. Ochrona danych wi\u0119c jest powa\u017cnym problemem wszystkich obywateli Europy, a szczeg\u00f3lnie os\u00f3b z niepe\u0142nosprawno\u015bci\u0105 intelektualn\u0105. Nowe technologie IT by\u0142y przez wiele lat niedost\u0119pne lub bardzo trudno dost\u0119pne dla os\u00f3b niepe\u0142nosprawnych intelektualnie. Na szcz\u0119\u015bcie w ostatnich latach mo\u017cna zaobserwowa\u0107 znaczny wzrost liczby os\u00f3b z niepe\u0142nosprawno\u015bci\u0105 intelektualn\u0105 korzystaj\u0105cych z technologii cyfrowych i internetu, co pozwala im na bardziej samodzielne \u017cycie w spo\u0142ecze\u0144stwie. Niezale\u017cnie od tego, czy internet wykorzystywany jest do podtrzymywania kontakt\u00f3w ze znajomymi, szukania informacji, poszukiwania pracy, mo\u017cliwo\u015bci te bardzo korzystnie wp\u0142ywaj\u0105 na osoby z niepe\u0142nosprawno\u015bci\u0105 intelektualn\u0105 we wszystkich aspektach ich \u017cycia. Niestety, s\u0105 one jednocze\u015bnie nara\u017cone na znacznie wi\u0119ksze ryzyko ni\u017c reszta spo\u0142ecze\u0144stwa. Ze wzgl\u0119du na problemy ze zrozumieniem procedur prawnych i j\u0119zyka formalnego, a nawet maj\u0105c na uwadze prosty fakt, \u017ce korzystanie z tekstu \u0142atwego do czytania \u2013 formy tekstu u\u017cywanej w publikacjach dla os\u00f3b niepe\u0142nosprawnych intelektualnie \u2013 mo\u017ce zidentyfikowa\u0107 u\u017cytkownika jako osob\u0119 niepe\u0142nosprawn\u0105, osoby te s\u0105 bardziej nara\u017cone na niebezpiecze\u0144stwa w przestrzeni wirtualnej, a jednocze\u015bnie bardziej wra\u017cliwe i podatne na nadu\u017cycia.<\/p>\n<p style=\"text-align: justify;\">Dlatego Polskie Stowarzyszenie na rzecz Os\u00f3b z Upo\u015bledzeniem Umys\u0142owym (PSOUU) wraz z partnerami dzia\u0142aj\u0105cymi w czterech innych krajach europejskich, uruchomi\u0142o ciekawy, nowatorski projekt, kt\u00f3rego celem jest szkolenie os\u00f3b z niepe\u0142nosprawno\u015bci\u0105 intelektualn\u0105 w zakresie ochrony danych i bezpiecznych zachowa\u0144 w internecie. Kluczowym celem projektu jest wyposa\u017cenie os\u00f3b niepe\u0142nosprawnych w wiedz\u0119 oraz danie im osobistego wsparcia, co jest im potrzebne do zdobycia umiej\u0119tno\u015bci decydowania jakimi informacjami chc\u0105 si\u0119 podzieli\u0107 z innymi.<\/p>\n<p style=\"text-align: justify;\">W ramach projektu SafeSurfing partnerzy obejm\u0105 ponad 1000 os\u00f3b z niepe\u0142nosprawno\u015bci\u0105 intelektualn\u0105 interaktywnymi szkoleniami online, w czasie kt\u00f3rych s\u0142uchacze, poza zdobyciem wiedzy, b\u0119d\u0105 mogli zadawa\u0107 prowadz\u0105cym pytania w czasie rzeczywistym. Ponadto wiele innych os\u00f3b, nie obj\u0119tych szkoleniami, b\u0119dzie mog\u0142o skorzysta\u0107 z pi\u0119ciu lekcji wideo dotycz\u0105cych r\u00f3\u017cnych zagadnie\u0144 ochrony danych i bezpiecznego internetu, kt\u00f3re zostan\u0105 stworzone i udost\u0119pnione przez partner\u00f3w projektu SafeSurfing.\u00a0<a href=\"http:\/\/safesurfing.inclusion-europe.eu\/wp-contentuploads\/2015\/01\/Press-release-PSOUU.pdf\" target=\"_blank\">Czytaj wi\u0119cej<\/a><\/p>\n<p style=\"text-align: justify;\">\n<p><\/p>","protected":false},"excerpt":{"rendered":"<p>R\u00f3wne szanse &#8211; wszyscy obywatele UE maj\u0105 prawo do rozumienia na czym polega ochrona danych w internecie Nikogo ju\u017c nie zaskakuje fakt, \u017ce technologia informacyjna rozwija si\u0119 w niewiarygodnym tempie, a nowe produkty technologiczne staj\u0105 si\u0119 powszechne szybciej ni\u017c kiedykolwiek wcze\u015bniej. Producentom telefon\u00f3w zdobycie 10% rynku zaj\u0119\u0142o 25 lat, producenci tablet\u00f3w potrzebowali na to ju\u017c [&hellip;]<\/p>\n","protected":false},"author":1,"featured_media":123,"parent":0,"menu_order":0,"comment_status":"open","ping_status":"open","template":"","meta":[],"_links":{"self":[{"href":"http:\/\/safesurfing.inclusion-europe.eu\/pl\/wp-json\/wp\/v2\/pages\/62"}],"collection":[{"href":"http:\/\/safesurfing.inclusion-europe.eu\/pl\/wp-json\/wp\/v2\/pages"}],"about":[{"href":"http:\/\/safesurfing.inclusion-europe.eu\/pl\/wp-json\/wp\/v2\/types\/page"}],"author":[{"embeddable":true,"href":"http:\/\/safesurfing.inclusion-europe.eu\/pl\/wp-json\/wp\/v2\/users\/1"}],"replies":[{"embeddable":true,"href":"http:\/\/safesurfing.inclusion-europe.eu\/pl\/wp-json\/wp\/v2\/comments?post=62"}],"version-history":[{"count":27,"href":"http:\/\/safesurfing.inclusion-europe.eu\/pl\/wp-json\/wp\/v2\/pages\/62\/revisions"}],"predecessor-version":[{"id":532,"href":"http:\/\/safesurfing.inclusion-europe.eu\/pl\/wp-json\/wp\/v2\/pages\/62\/revisions\/532"}],"wp:featuredmedia":[{"embeddable":true,"href":"http:\/\/safesurfing.inclusion-europe.eu\/pl\/wp-json\/wp\/v2\/media\/123"}],"wp:attachment":[{"href":"http:\/\/safesurfing.inclusion-europe.eu\/pl\/wp-json\/wp\/v2\/media?parent=62"}],"curies":[{"name":"wp","href":"https:\/\/api.w.org\/{rel}","templated":true}]}}