{"id":24,"date":"2015-01-12T11:07:16","date_gmt":"2015-01-12T11:07:16","guid":{"rendered":"http:\/\/www.safesurfing.eu\/?page_id=24"},"modified":"2016-02-10T15:32:12","modified_gmt":"2016-02-10T15:32:12","slug":"contact","status":"publish","type":"page","link":"http:\/\/safesurfing.inclusion-europe.eu\/pl\/contact\/","title":{"rendered":"Kontakt"},"content":{"rendered":"<p class=\"qtranxs-available-languages-message qtranxs-available-languages-message-pl\">Przepraszamy, ten wpis jest dost\u0119pny tylko w j\u0119zyku <a href=\"http:\/\/safesurfing.inclusion-europe.eu\/en\/wp-json\/wp\/v2\/pages\/24\" class=\"qtranxs-available-language-link qtranxs-available-language-link-en\" title=\"English\">Ameryka\u0144ski Angielski<\/a> i <a href=\"http:\/\/safesurfing.inclusion-europe.eu\/fr\/wp-json\/wp\/v2\/pages\/24\" class=\"qtranxs-available-language-link qtranxs-available-language-link-fr\" title=\"Fran\u00e7ais\">Francuski<\/a>.<\/p>","protected":false},"excerpt":{"rendered":"<p>Przepraszamy, ten wpis jest dost\u0119pny tylko w j\u0119zyku Ameryka\u0144ski Angielski i Francuski.<\/p>\n","protected":false},"author":1,"featured_media":0,"parent":0,"menu_order":9,"comment_status":"closed","ping_status":"closed","template":"","meta":[],"_links":{"self":[{"href":"http:\/\/safesurfing.inclusion-europe.eu\/pl\/wp-json\/wp\/v2\/pages\/24"}],"collection":[{"href":"http:\/\/safesurfing.inclusion-europe.eu\/pl\/wp-json\/wp\/v2\/pages"}],"about":[{"href":"http:\/\/safesurfing.inclusion-europe.eu\/pl\/wp-json\/wp\/v2\/types\/page"}],"author":[{"embeddable":true,"href":"http:\/\/safesurfing.inclusion-europe.eu\/pl\/wp-json\/wp\/v2\/users\/1"}],"replies":[{"embeddable":true,"href":"http:\/\/safesurfing.inclusion-europe.eu\/pl\/wp-json\/wp\/v2\/comments?post=24"}],"version-history":[{"count":7,"href":"http:\/\/safesurfing.inclusion-europe.eu\/pl\/wp-json\/wp\/v2\/pages\/24\/revisions"}],"predecessor-version":[{"id":547,"href":"http:\/\/safesurfing.inclusion-europe.eu\/pl\/wp-json\/wp\/v2\/pages\/24\/revisions\/547"}],"wp:attachment":[{"href":"http:\/\/safesurfing.inclusion-europe.eu\/pl\/wp-json\/wp\/v2\/media?parent=24"}],"curies":[{"name":"wp","href":"https:\/\/api.w.org\/{rel}","templated":true}]}}