{"id":62,"date":"2015-01-12T13:50:40","date_gmt":"2015-01-12T13:50:40","guid":{"rendered":"http:\/\/www.safesurfing.eu\/?page_id=62"},"modified":"2016-02-08T13:59:37","modified_gmt":"2016-02-08T13:59:37","slug":"press-releases","status":"publish","type":"page","link":"http:\/\/safesurfing.inclusion-europe.eu\/fr\/press-releases\/","title":{"rendered":"Communiqu\u00e9s de presse"},"content":{"rendered":"<p><strong>Un engagement \u00e9gal \u2013 Tous les citoyens europ\u00e9ens ont le droit de comprendre la protection des donn\u00e9es<\/strong><\/p>\n<p style=\"text-align: justify;\">Ce n\u2019est plus un scoop, la technologie se d\u00e9veloppe \u00e0 un rythme incroyable et les nouveaut\u00e9s technologiques sont adopt\u00e9es plus rapidement qu\u2019avant. Alors qu\u2019il a fallu 25 ans pour que les t\u00e9l\u00e9phones p\u00e9n\u00e8trent 10 pourcent du march\u00e9 am\u00e9ricain, les tablettes ont atteint le m\u00eame taux d\u2019adoption en moins de 5 ans.<\/p>\n<p style=\"text-align: justify;\">Bien que l\u2019innovation technologique ait un effet extr\u00eamement positif sur la vie de beaucoup de personnes, les risques associ\u00e9s \u00e0 l\u2019omnipr\u00e9sence des outils technologiques sont souvent sous-estim\u00e9s, particuli\u00e8rement pour les groupes les plus vuln\u00e9rables de la soci\u00e9t\u00e9. Une consultation en ligne d\u00e9velopp\u00e9e par Inclusion Europe et ses partenaires du projet SafeSurfing a r\u00e9v\u00e9l\u00e9 que la plupart des personnes ayant une d\u00e9ficience intellectuelle ne sont pas conscientes des dangers auxquels elles font face lorsqu\u2019elles partagent leurs informations personnelles en ligne. Leurs parents et personnes de soutien ont \u00e9galement rapport\u00e9 que bon nombre de personnes ayant une d\u00e9ficience intellectuelle avaient des difficult\u00e9s de compr\u00e9hension des termes et conditions d\u2019utilisation de certains logiciels et applications, ne comprenant pas totalement les services auxquels elles souscrivent, et \u00e9tant victimes d\u2019abus en ligne \u00e0 cause de leur d\u00e9ficience intellectuelle.<\/p>\n<p style=\"text-align: justify;\">Par cons\u00e9quent, lors de la Journ\u00e9e Europ\u00e9enne de la Protections des Donn\u00e9es, les partenaires de SafeSurfing ont appel\u00e9 les d\u00e9cideurs politiques europ\u00e9ens \u00e0 prendre en compte les besoins des personnes qui ont une d\u00e9ficience intellectuelle au moment de d\u00e9cider de la formulation du projet de R\u00e8glement\u00a0 sur la Protection des Donn\u00e9es. Inclusion Europe et ses partenaires saluent l\u2019accent mis sur le consentement \u00a0\u00e9clair\u00e9, la transparence, le respect de la vie priv\u00e9e d\u00e8s la conception et, particuli\u00e8rement, sur le besoin des usagers de consciemment marquer le accord ou leur d\u00e9saccord pour le traitement de leurs donn\u00e9es.<\/p>\n<p style=\"text-align: justify;\">De plus, les partenaires SafeSurfing aspirent \u00e0 ce que les utilisateurs re\u00e7oivent des informations gratuites et faciles \u00e0 lire sur la mani\u00e8re dont sont trait\u00e9es leurs donn\u00e9es. Cependant, ce qui est facile \u00e0 concevoir pour une personne peut s\u2019av\u00e9rer assez compliqu\u00e9 pour une autre. Ainsi, les personnes ayant une d\u00e9ficience intellectuelle ont besoin qu\u2019on leur fournisse de telles informations dans un format accessible et facile \u00e0 lire, suivant les R\u00e8gles Europ\u00e9ennes pour Rendre l\u2019Information Facile \u00e0 Lire et \u00e0 Comprendre. Pr\u00e9senter les informations d\u2019une telle mani\u00e8re ne b\u00e9n\u00e9ficierait pas seulement aux personnes ayant une d\u00e9ficience intellectuelle mais aussi aux enfants et aux personnes \u00e2g\u00e9es.<\/p>\n<p><strong>Safe Surfing \u2013 Formation sur la protection des donn\u00e9es personnelles pour les personnes ayant une d\u00e9ficience intellectuelle.<\/strong><\/p>\n<p style=\"text-align: justify;\">Usurpation d\u2019identit\u00e9, cybercriminalit\u00e9, cyber intimidation \u2013 tous les dangers auxquels nous faisons face consciemment ou inconsciemment lorsque que l\u2019on utilise simplement internet. Avec 17 % d\u2019Europ\u00e9ens victimes d\u2019usurpation d\u2019identit\u00e9 chaque ann\u00e9e, la protection des donn\u00e9es personnelles est un probl\u00e8me majeur pour tous les citoyens europ\u00e9ens, et particuli\u00e8rement les personnes ayant une d\u00e9ficience intellectuelle.<\/p>\n<p style=\"text-align: justify;\">Alors que l\u2019usage des outils technologiques constituait l\u2019un des domaines au sein duquel les personnes ayant une d\u00e9ficience intellectuelle \u00e9taient particuli\u00e8rement exclues, ces derni\u00e8res ann\u00e9es ont heureusement montr\u00e9 une nette augmentation du nombre de personnes ayant une d\u00e9ficience intellectuelle profitant de la technologie pour vivre de mani\u00e8re ind\u00e9pendante et plus int\u00e9gr\u00e9e dans la soci\u00e9t\u00e9. Que ce soit pour rester en contact avec des amis, trouver des informations sur internet, ou chercher un emploi, l\u2019usage d\u2019internet et des applications mobiles profite aux personnes ayant une d\u00e9ficience intellectuelle\u00a0 dans tous les aspects de leur vie. Malheureusement, ils courent un plus grand risque que le grand public.<\/p>\n<p style=\"text-align: justify;\">Que ce soit d\u00fb \u00a0aux difficult\u00e9s d\u2019obtenir un v\u00e9ritable consentement l\u00e9gal \u00a0de la part des personnes ayant une d\u00e9ficience intellectuelle, aux probl\u00e8mes de compr\u00e9hension des m\u00e9canismes de recours ou le simple fait qu\u2019acc\u00e9der aux informations en facile-\u00e0-lire permettrait d\u2019identifier l\u2019usager comme une personne ayant une d\u00e9ficience intellectuelle, les personnes ayant une d\u00e9ficience intellectuelle sont plus vuln\u00e9rables en ligne et davantage sujettes \u00e0 souffrir d\u2019abus.<\/p>\n<p style=\"text-align: justify;\">\u00ab\u00a0Les personnes utilisant les services de banque en ligne et d\u2019autre sites peuvent ne pas savoir o\u00f9 se retrouvent les informations qu\u2019elles ont fournies.\u00a0Cela m\u2019inqui\u00e8te beaucoup et je ne peux m\u2019emp\u00eacher d\u2019y penser \u00bb dit Ismail Kaji qui a une d\u00e9ficience intellectuelle et est Assistant aux Affaires Parlementaires chez Mencap. \u00ab Sur internet, les gens peuvent pr\u00e9tendre \u00eatre une entreprise et obtenir des informations sur les gens. \u00a0Je ne me sens pas en s\u00e9curit\u00e9. C\u2019est difficile, je ne sais pas \u00e0 qui en parler ni o\u00f9 trouver de l\u2019aide\u00bb, ajoute-t-il.<\/p>\n<p style=\"text-align: justify;\">Par cons\u00e9quent, Inclusion Europe, en collaboration avec des partenaires \u00a0travaillant dans quatre autres pays europ\u00e9ens a lanc\u00e9 un projet ambitieux visant \u00e0 former les personnes ayant une d\u00e9ficience intellectuelle sur la protection des donn\u00e9es et comment \u00a0adopter un comportement prudent en ligne. Il est important pour ces derniers de recevoir le soutien personnel et les connaissances n\u00e9cessaires pour d\u00e9cider quelles informations ils d\u00e9sirent partager avec les autres. Ainsi, dans le cadre du projet SafeSurfing, les partenaires vont atteindre plus de 1000 personnes ayant une d\u00e9ficience intellectuelle directement, par le biais de sessions de formation en ligne offrant aux participants la possibilit\u00e9 de poser des questions en temps r\u00e9el. De plus, des milliers d\u2019autres b\u00e9n\u00e9ficieront de 5 vid\u00e9os de formation sur divers aspects de la protection des donn\u00e9es qui seront produites et partag\u00e9es par les partenaires SafeSurfing.<\/p>\n<p><\/p>","protected":false},"excerpt":{"rendered":"<p>Un engagement \u00e9gal \u2013 Tous les citoyens europ\u00e9ens ont le droit de comprendre la protection des donn\u00e9es Ce n\u2019est plus un scoop, la technologie se d\u00e9veloppe \u00e0 un rythme incroyable et les nouveaut\u00e9s technologiques sont adopt\u00e9es plus rapidement qu\u2019avant. Alors qu\u2019il a fallu 25 ans pour que les t\u00e9l\u00e9phones p\u00e9n\u00e8trent 10 pourcent du march\u00e9 am\u00e9ricain, [&hellip;]<\/p>\n","protected":false},"author":1,"featured_media":123,"parent":0,"menu_order":0,"comment_status":"open","ping_status":"open","template":"","meta":[],"_links":{"self":[{"href":"http:\/\/safesurfing.inclusion-europe.eu\/fr\/wp-json\/wp\/v2\/pages\/62"}],"collection":[{"href":"http:\/\/safesurfing.inclusion-europe.eu\/fr\/wp-json\/wp\/v2\/pages"}],"about":[{"href":"http:\/\/safesurfing.inclusion-europe.eu\/fr\/wp-json\/wp\/v2\/types\/page"}],"author":[{"embeddable":true,"href":"http:\/\/safesurfing.inclusion-europe.eu\/fr\/wp-json\/wp\/v2\/users\/1"}],"replies":[{"embeddable":true,"href":"http:\/\/safesurfing.inclusion-europe.eu\/fr\/wp-json\/wp\/v2\/comments?post=62"}],"version-history":[{"count":27,"href":"http:\/\/safesurfing.inclusion-europe.eu\/fr\/wp-json\/wp\/v2\/pages\/62\/revisions"}],"predecessor-version":[{"id":532,"href":"http:\/\/safesurfing.inclusion-europe.eu\/fr\/wp-json\/wp\/v2\/pages\/62\/revisions\/532"}],"wp:featuredmedia":[{"embeddable":true,"href":"http:\/\/safesurfing.inclusion-europe.eu\/fr\/wp-json\/wp\/v2\/media\/123"}],"wp:attachment":[{"href":"http:\/\/safesurfing.inclusion-europe.eu\/fr\/wp-json\/wp\/v2\/media?parent=62"}],"curies":[{"name":"wp","href":"https:\/\/api.w.org\/{rel}","templated":true}]}}