{"id":32,"date":"2015-01-12T11:10:30","date_gmt":"2015-01-12T11:10:30","guid":{"rendered":"http:\/\/www.safesurfing.eu\/?page_id=32"},"modified":"2016-02-25T11:20:28","modified_gmt":"2016-02-25T11:20:28","slug":"videos-2","status":"publish","type":"page","link":"http:\/\/safesurfing.inclusion-europe.eu\/fr\/videos-2\/","title":{"rendered":"Vid\u00e9os"},"content":{"rendered":"<p><span style=\"font-size: 14pt;\">Dans le cadre du projet SafeSurfing, les partenaires ont cr\u00e9\u00e9 plusieurs vid\u00e9os de formation, qui ont pour objet de :<\/span><\/p>\n<ul>\n<li><span style=\"font-size: 14pt;\">sensibiliser aux probl\u00e8mes de protection des donn\u00e9es pour les personnes ayant une <a href=\"http:\/\/safesurfing.inclusion-europe.eu\/wp-contentuploads\/2015\/01\/etr.png\"><img loading=\"lazy\" class=\"alignright size-full wp-image-143\" src=\"http:\/\/safesurfing.inclusion-europe.eu\/wp-contentuploads\/2015\/01\/etr.png\" alt=\"etr\" width=\"89\" height=\"89\" \/><\/a>d\u00e9ficience intellectuelle, en mettant l\u2019accent sur les r\u00e9seaux sociaux et les appareils mobiles<\/span><\/li>\n<li><span style=\"font-size: 14pt;\">d\u00e9terminer ce que les personnes ayant une d\u00e9ficience intellectuelle souhaitent partager,<\/span><\/li>\n<li><span style=\"font-size: 14pt;\">configurer Facebook et les autres r\u00e9seaux sociaux pour prot\u00e9ger la vie priv\u00e9e des personnes ayant une d\u00e9ficience intellectuelle,<\/span><\/li>\n<li><span style=\"font-size: 14pt;\">prot\u00e9ger les donn\u00e9es personnelles sur internet,<\/span><\/li>\n<li><span style=\"font-size: 14pt;\">discuter des d\u00e9fis et des opportunit\u00e9s des appareils mobiles pour les personnes ayant une d\u00e9ficience intellectuelle.<\/span><\/li>\n<\/ul>\n<p><iframe loading=\"lazy\" src=\"https:\/\/www.youtube.com\/embed\/yhTssMSrxSM?list=PLia1JRH3Zek2MJSRKyN6aZPYX1h2fc8MU\" width=\"560\" height=\"315\" frameborder=\"0\" allowfullscreen=\"allowfullscreen\"><\/iframe><\/p>\n<p><iframe loading=\"lazy\" src=\"https:\/\/www.youtube.com\/embed\/RoiXdWnmUX4?list=PLia1JRH3Zek2MJSRKyN6aZPYX1h2fc8MU\" width=\"560\" height=\"315\" frameborder=\"0\" allowfullscreen=\"allowfullscreen\"><\/iframe><\/p>\n<p><iframe loading=\"lazy\" src=\"https:\/\/www.youtube.com\/embed\/1ILbZRrOCDQ\" width=\"560\" height=\"315\" frameborder=\"0\" allowfullscreen=\"allowfullscreen\"><\/iframe><\/p>\n<p><iframe loading=\"lazy\" src=\"https:\/\/www.youtube.com\/embed\/bbSdgckBezc\" width=\"560\" height=\"315\" frameborder=\"0\" allowfullscreen=\"allowfullscreen\"><\/iframe><\/p>\n<p><iframe loading=\"lazy\" src=\"https:\/\/www.youtube.com\/embed\/oOB0wx8j0gA\" width=\"560\" height=\"315\" frameborder=\"0\" allowfullscreen=\"allowfullscreen\"><\/iframe><\/p>","protected":false},"excerpt":{"rendered":"<p>Dans le cadre du projet SafeSurfing, les partenaires ont cr\u00e9\u00e9 plusieurs vid\u00e9os de formation, qui ont pour objet de : sensibiliser aux probl\u00e8mes de protection des donn\u00e9es pour les personnes ayant une d\u00e9ficience intellectuelle, en mettant l\u2019accent sur les r\u00e9seaux sociaux et les appareils mobiles d\u00e9terminer ce que les personnes ayant une d\u00e9ficience intellectuelle souhaitent [&hellip;]<\/p>\n","protected":false},"author":1,"featured_media":0,"parent":0,"menu_order":5,"comment_status":"closed","ping_status":"closed","template":"","meta":[],"_links":{"self":[{"href":"http:\/\/safesurfing.inclusion-europe.eu\/fr\/wp-json\/wp\/v2\/pages\/32"}],"collection":[{"href":"http:\/\/safesurfing.inclusion-europe.eu\/fr\/wp-json\/wp\/v2\/pages"}],"about":[{"href":"http:\/\/safesurfing.inclusion-europe.eu\/fr\/wp-json\/wp\/v2\/types\/page"}],"author":[{"embeddable":true,"href":"http:\/\/safesurfing.inclusion-europe.eu\/fr\/wp-json\/wp\/v2\/users\/1"}],"replies":[{"embeddable":true,"href":"http:\/\/safesurfing.inclusion-europe.eu\/fr\/wp-json\/wp\/v2\/comments?post=32"}],"version-history":[{"count":79,"href":"http:\/\/safesurfing.inclusion-europe.eu\/fr\/wp-json\/wp\/v2\/pages\/32\/revisions"}],"predecessor-version":[{"id":600,"href":"http:\/\/safesurfing.inclusion-europe.eu\/fr\/wp-json\/wp\/v2\/pages\/32\/revisions\/600"}],"wp:attachment":[{"href":"http:\/\/safesurfing.inclusion-europe.eu\/fr\/wp-json\/wp\/v2\/media?parent=32"}],"curies":[{"name":"wp","href":"https:\/\/api.w.org\/{rel}","templated":true}]}}