{"id":29,"date":"2015-01-12T11:08:08","date_gmt":"2015-01-12T11:08:08","guid":{"rendered":"http:\/\/www.safesurfing.eu\/?page_id=29"},"modified":"2016-04-07T15:23:57","modified_gmt":"2016-04-07T14:23:57","slug":"stories","status":"publish","type":"page","link":"http:\/\/safesurfing.inclusion-europe.eu\/fr\/stories\/","title":{"rendered":"Articles"},"content":{"rendered":"<p>Le projet SafeSurfing a \u00e9t\u00e9 pr\u00e9sent\u00e9 dans les articles suivants:<\/p>\n<ul>\n<li><a href=\"http:\/\/safesurfing.inclusion-europe.eu\/wp-contentuploads\/2016\/04\/Internet_competences_medias_handicap_insieme_magazine.pdf\" target=\"_blank\">Internet: il est temps d&rsquo;apprendre, <\/a>Insieme Magazine, March 2016<\/li>\n<li><a href=\"http:\/\/www.unapei.org\/Formation-Web-pour-les-personnes-handicapees-intellectuelles.html\" target=\"_blank\">Formation Web pour les personnes handicap\u00e9es intellectuelles<\/a>, Unapei Actualit\u00e9s, F\u00e9vrier 2016.<\/li>\n<li><a href=\"http:\/\/vnverdragwaarmaken.nl\/vnverdragwaarmaken\/actueel\/181-inclusion-europe-ontwikkelt-project-veilig-internet-gebruik\" target=\"_blank\">Inclusion Europe ontwikkelt project veilig internet gebruik<\/a>, Coalitie voor Inclusie, F\u00e9vrier 2016.<\/li>\n<li><a href=\"http:\/\/fundacionestutelares.org\/una-oportunidad-para-empoderar-a-las-personas-con-discapacidad-intelectual-en-la-sociedad-digital\/\" target=\"_blank\">Una oportunidad para empoderar a las personas con discapacidad intelectual en la sociedad digital<\/a>, Asociaci\u00f3n Espa\u00f1ola de Fundaciones Tutelares, 28 Janvier 2016.<\/li>\n<li><a href=\"http:\/\/enablemagazine.co.uk\/ambitious-pan-europe-project-launched-to-keep-people-with-a-learning-disability-safe-online\/\" target=\"_blank\">Ambitious pan-Europe project launched to keep people with a learning disability safe online<\/a>, Enable Magazine, 1<sup>er<\/sup> d\u00e9cembre 2014.<\/li>\n<li><a href=\"http:\/\/www.autistictraining.eu\/?p=936\" target=\"_blank\">Safe Surfing<\/a>, Autistic Training, 1<sup>er<\/sup> d\u00e9cembre 2014<\/li>\n<li><a href=\"https:\/\/www.learningdisabilitytoday.co.uk\/pan-european-project-launched-to-keep-people-with-learning-disabilities-safe-online.aspx\" target=\"_blank\">Pan-European project launched to keep people with learning disabilities safe online,<\/a> Learning Disability Today, 3\u00a0d\u00e9cembre 2014<\/li>\n<li><a href=\"http:\/\/ildenaro.it\/news\/93-news\/19768\" target=\"_blank\">Safesurfing, sicurezza on line anche per disabili<\/a>, Il Denaro, 1<sup>er<\/sup> d\u00e9cembre 2014.<\/li>\n<li><a href=\"http:\/\/www.west-info.eu\/it\/disabili-intellettivi-a-lezione-sulla-protezione-dei-dati\/\" target=\"_blank\">Disabili intellettivi a lezione sulla protezione dei dati<\/a>, Welfare Societa Territorio, 1<sup>er<\/sup> d\u00e9cembre 2014.<\/li>\n<li><a href=\"http:\/\/www.superabile.it\/web\/it\/CANALI_TEMATICI\/Qui_Europa\/News\/Istituzioni_UE_ed_europee\/info-763692803.html\" target=\"_blank\">Disabili intellettivi a lezione di sicurezza sul web<\/a>, Superabile, 1<sup>er<\/sup> d\u00e9cembre 2014<\/li>\n<li><a href=\"http:\/\/www.comune.torino.it\/pass\/informadisabile\/2014\/12\/02\/disabili-intellettivi-a-lezione-di-sicurezza-sul-web\/\" target=\"_blank\">Disabili intellettivi a lezione di sicurezza sul web<\/a>, Citta di Torino, 2 d\u00e9cembre 2014.<\/li>\n<li><a href=\"http:\/\/www.vita.it\/it\/article\/2014\/12\/03\/tecnologie-e-disabili-intellettivi-la-nuova-frontiera-di-anffas\/128642\/\" target=\"_blank\">Tecnologie e disabili intellettivi: la nuova frontiera di Anffas<\/a>, Vita, 3 d\u00e9cembre 2014.<\/li>\n<li><a href=\"http:\/\/www.superando.it\/2014\/12\/03\/la-disabilita-ha-mille-volti\/\">La disabilit\u00e0 ha mille volti<\/a>, Superando, 3 d\u00e9cembre 2014.<\/li>\n<li><a href=\"http:\/\/suv.comune.fe.it\/attach\/centroh\/docs\/bollettino-informativo-03-dicembre-2014.pdf\" target=\"_blank\">Progetti europei Safesurfing, sicurezza online anche per disabili<\/a>, Centro H &#8211; Informahandicap di Ferrara, 3 d\u00e9cembre 2014.<\/li>\n<\/ul>\n<p><\/p>","protected":false},"excerpt":{"rendered":"<p>Le projet SafeSurfing a \u00e9t\u00e9 pr\u00e9sent\u00e9 dans les articles suivants: Internet: il est temps d&rsquo;apprendre, Insieme Magazine, March 2016 Formation Web pour les personnes handicap\u00e9es intellectuelles, Unapei Actualit\u00e9s, F\u00e9vrier 2016. Inclusion Europe ontwikkelt project veilig internet gebruik, Coalitie voor Inclusie, F\u00e9vrier 2016. Una oportunidad para empoderar a las personas con discapacidad intelectual en la sociedad [&hellip;]<\/p>\n","protected":false},"author":1,"featured_media":0,"parent":0,"menu_order":7,"comment_status":"closed","ping_status":"closed","template":"","meta":[],"_links":{"self":[{"href":"http:\/\/safesurfing.inclusion-europe.eu\/fr\/wp-json\/wp\/v2\/pages\/29"}],"collection":[{"href":"http:\/\/safesurfing.inclusion-europe.eu\/fr\/wp-json\/wp\/v2\/pages"}],"about":[{"href":"http:\/\/safesurfing.inclusion-europe.eu\/fr\/wp-json\/wp\/v2\/types\/page"}],"author":[{"embeddable":true,"href":"http:\/\/safesurfing.inclusion-europe.eu\/fr\/wp-json\/wp\/v2\/users\/1"}],"replies":[{"embeddable":true,"href":"http:\/\/safesurfing.inclusion-europe.eu\/fr\/wp-json\/wp\/v2\/comments?post=29"}],"version-history":[{"count":25,"href":"http:\/\/safesurfing.inclusion-europe.eu\/fr\/wp-json\/wp\/v2\/pages\/29\/revisions"}],"predecessor-version":[{"id":749,"href":"http:\/\/safesurfing.inclusion-europe.eu\/fr\/wp-json\/wp\/v2\/pages\/29\/revisions\/749"}],"wp:attachment":[{"href":"http:\/\/safesurfing.inclusion-europe.eu\/fr\/wp-json\/wp\/v2\/media?parent=29"}],"curies":[{"name":"wp","href":"https:\/\/api.w.org\/{rel}","templated":true}]}}