{"id":17,"date":"2015-01-12T11:00:19","date_gmt":"2015-01-12T11:00:19","guid":{"rendered":"http:\/\/www.safesurfing.eu\/?page_id=17"},"modified":"2016-02-10T15:30:02","modified_gmt":"2016-02-10T15:30:02","slug":"partners","status":"publish","type":"page","link":"http:\/\/safesurfing.inclusion-europe.eu\/fr\/partners\/","title":{"rendered":"Partenaires"},"content":{"rendered":"<p>Le projet SafeSurfing b\u00e9n\u00e9ficie de la vaste exp\u00e9rience de ses partenaires pour soutenir les personnes ayant une d\u00e9ficience intellectuelle et d\u00e9fendre leurs droits au niveau europ\u00e9en.<\/p>\n<table cellspacing=\"5\">\n<tbody>\n<tr>\n<td><a href=\"http:\/\/safesurfing.inclusion-europe.eu\/wp-contentuploads\/2015\/01\/Inclusion-Europe-logo.jpg\"><img loading=\"lazy\" class=\"alignleft wp-image-127 size-medium\" src=\"http:\/\/safesurfing.inclusion-europe.eu\/wp-contentuploads\/2015\/01\/Inclusion-Europe-logo-300x265.jpg\" alt=\"Inclusion Europe logo\" width=\"300\" height=\"265\" srcset=\"http:\/\/safesurfing.inclusion-europe.eu\/wp-content\/uploads\/2015\/01\/Inclusion-Europe-logo-300x265.jpg 300w, http:\/\/safesurfing.inclusion-europe.eu\/wp-content\/uploads\/2015\/01\/Inclusion-Europe-logo.jpg 391w\" sizes=\"(max-width: 300px) 100vw, 300px\" \/><\/a><\/td>\n<td><\/td>\n<td><span style=\"font-size: 12pt;\">Inclusion Europe est une association de personnes ayant une d\u00e9ficience intellectuelle et leurs familles en Europe. Fond\u00e9e en 1988, l\u2019organisation se bat pour l\u2019\u00e9galit\u00e9 des droits des personnes ayant une d\u00e9ficience intellectuelle et leurs familles \u00e0 travers tous les horizons de la vie. Inclusion Europe dispose d\u2019un large r\u00e9seau de membres \u00e0 travers l\u2019Europe, au niveau local comme national.<\/span><\/td>\n<\/tr>\n<tr>\n<td><a href=\"http:\/\/safesurfing.inclusion-europe.eu\/wp-contentuploads\/2015\/01\/mencap_logo_rgb_screen_res.jpg\"><img loading=\"lazy\" class=\"alignleft wp-image-128 size-medium\" src=\"http:\/\/safesurfing.inclusion-europe.eu\/wp-contentuploads\/2015\/01\/mencap_logo_rgb_screen_res-300x183.jpg\" alt=\"Print\" width=\"300\" height=\"183\" srcset=\"http:\/\/safesurfing.inclusion-europe.eu\/wp-content\/uploads\/2015\/01\/mencap_logo_rgb_screen_res-300x183.jpg 300w, http:\/\/safesurfing.inclusion-europe.eu\/wp-content\/uploads\/2015\/01\/mencap_logo_rgb_screen_res.jpg 490w\" sizes=\"(max-width: 300px) 100vw, 300px\" \/><\/a><\/td>\n<td><\/td>\n<td><span style=\"font-size: 12pt;\">Mencap est la voix du trouble d\u2019apprentissage au Royaume-Uni. Mencap soutient les personnes ayant un trouble d\u2019apprentissage, leurs familles et soignants. Mencap travaille \u00e0 am\u00e9liorer les services,\u00a0 combattre les pr\u00e9jug\u00e9s et soutenir directement des milliers de personnes \u00e0 vivre leur vie comme ils le souhaitent.<\/span><\/td>\n<\/tr>\n<tr>\n<td>\u00a0<a href=\"http:\/\/safesurfing.inclusion-europe.eu\/wp-contentuploads\/2015\/01\/ANFFAS_-_Associazione_Nazionale_Famiglie_di_Disabili_Intellettivi_e_Relazionali_-_Cesena_maxw300.jpg\"><img loading=\"lazy\" class=\"alignleft wp-image-130 size-medium\" src=\"http:\/\/safesurfing.inclusion-europe.eu\/wp-contentuploads\/2015\/01\/ANFFAS_-_Associazione_Nazionale_Famiglie_di_Disabili_Intellettivi_e_Relazionali_-_Cesena_maxw300-300x167.jpg\" alt=\"ANFFAS_-_Associazione_Nazionale_Famiglie_di_Disabili_Intellettivi_e_Relazionali_-_Cesena_maxw300\" width=\"300\" height=\"167\" \/><\/a><\/td>\n<td><\/td>\n<td><span style=\"font-size: 12pt;\">ANFFAS est l\u2019Association Nationale des Familles des Personnes ayant une D\u00e9ficience Intellectuelle en Italie. Fournissant des services aux personnes ayant une d\u00e9ficience intellectuelle depuis plus de 50 ans, ANFASS comprend\u00a0:<\/span><\/p>\n<ul>\n<li><span style=\"font-size: 12pt;\">168 associations locales,<\/span><\/li>\n<li><span style=\"font-size: 12pt;\">16 organismes r\u00e9gionaux<\/span><\/li>\n<li><span style=\"font-size: 12pt;\">45 organismes autonomes<\/span><\/li>\n<\/ul>\n<\/td>\n<\/tr>\n<tr>\n<td><a href=\"http:\/\/safesurfing.inclusion-europe.eu\/wp-contentuploads\/2016\/01\/Logo-Plena-RGB.jpg\"><img loading=\"lazy\" class=\"alignright size-medium wp-image-379\" src=\"http:\/\/safesurfing.inclusion-europe.eu\/wp-contentuploads\/2016\/01\/Logo-Plena-RGB-300x103.jpg\" alt=\"Logo-Plena-RGB\" width=\"300\" height=\"103\" srcset=\"http:\/\/safesurfing.inclusion-europe.eu\/wp-content\/uploads\/2016\/01\/Logo-Plena-RGB-300x103.jpg 300w, http:\/\/safesurfing.inclusion-europe.eu\/wp-content\/uploads\/2016\/01\/Logo-Plena-RGB-1024x353.jpg 1024w, http:\/\/safesurfing.inclusion-europe.eu\/wp-content\/uploads\/2016\/01\/Logo-Plena-RGB.jpg 1195w\" sizes=\"(max-width: 300px) 100vw, 300px\" \/><\/a><\/td>\n<td><\/td>\n<td><span style=\"font-size: 12pt;\">Plena Inclusi\u00f3n\u00a0est la Conf\u00e9d\u00e9ration espagnole des Organisations pour les Personnes ayant une D\u00e9ficience Intellectuelle. Fond\u00e9e en 1964, Plena Inclusi\u00f3n repr\u00e9sente actuellement plus de 140.000 personnes ayant une d\u00e9ficience intellectuelle, travaillant \u00e0 am\u00e9liorer leur qualit\u00e9 de vie et s\u2019assurant qu\u2019ils soient inclus dans la soci\u00e9t\u00e9.<\/span><\/td>\n<\/tr>\n<tr>\n<td>\u00a0<a href=\"http:\/\/safesurfing.inclusion-europe.eu\/wp-contentuploads\/2015\/01\/logo_psouu.jpg\"><img loading=\"lazy\" class=\"alignright wp-image-132 size-medium\" src=\"http:\/\/safesurfing.inclusion-europe.eu\/wp-contentuploads\/2015\/01\/logo_psouu-231x300.jpg\" alt=\"logo_psouu\" width=\"231\" height=\"300\" srcset=\"http:\/\/safesurfing.inclusion-europe.eu\/wp-content\/uploads\/2015\/01\/logo_psouu-231x300.jpg 231w, http:\/\/safesurfing.inclusion-europe.eu\/wp-content\/uploads\/2015\/01\/logo_psouu.jpg 545w\" sizes=\"(max-width: 231px) 100vw, 231px\" \/><\/a><\/td>\n<td><\/td>\n<td><span style=\"font-size: 12pt;\">PSONI, l\u2019Association Polonaise pour les Personnes ayant une D\u00e9ficience Intellectuelle, est une organisation nationale \u00e9tablie en 1991. La mission de l\u2019association est de\u00a0:<\/span><\/p>\n<ul>\n<li><span style=\"font-size: 12pt;\">Prot\u00e9ger la dignit\u00e9 humaine, une place dans la famille et la soci\u00e9t\u00e9 ainsi que la qualit\u00e9 de vie des personnes ayant une d\u00e9ficience intellectuelle,<\/span><\/li>\n<li><span style=\"font-size: 12pt;\">Les pousser \u00e0 une participation active \u00e0 la vie sociale,<\/span><\/li>\n<li><span style=\"font-size: 12pt;\">Les aider \u00e0 se faire accepter et \u00e0 devenir ind\u00e9pendant dans leur vie quotidienne.<\/span><\/li>\n<\/ul>\n<\/td>\n<\/tr>\n<\/tbody>\n<\/table>\n<p><\/p>","protected":false},"excerpt":{"rendered":"<p>Le projet SafeSurfing b\u00e9n\u00e9ficie de la vaste exp\u00e9rience de ses partenaires pour soutenir les personnes ayant une d\u00e9ficience intellectuelle et d\u00e9fendre leurs droits au niveau europ\u00e9en. Inclusion Europe est une association de personnes ayant une d\u00e9ficience intellectuelle et leurs familles en Europe. Fond\u00e9e en 1988, l\u2019organisation se bat pour l\u2019\u00e9galit\u00e9 des droits des personnes ayant [&hellip;]<\/p>\n","protected":false},"author":1,"featured_media":0,"parent":0,"menu_order":3,"comment_status":"closed","ping_status":"closed","template":"","meta":[],"_links":{"self":[{"href":"http:\/\/safesurfing.inclusion-europe.eu\/fr\/wp-json\/wp\/v2\/pages\/17"}],"collection":[{"href":"http:\/\/safesurfing.inclusion-europe.eu\/fr\/wp-json\/wp\/v2\/pages"}],"about":[{"href":"http:\/\/safesurfing.inclusion-europe.eu\/fr\/wp-json\/wp\/v2\/types\/page"}],"author":[{"embeddable":true,"href":"http:\/\/safesurfing.inclusion-europe.eu\/fr\/wp-json\/wp\/v2\/users\/1"}],"replies":[{"embeddable":true,"href":"http:\/\/safesurfing.inclusion-europe.eu\/fr\/wp-json\/wp\/v2\/comments?post=17"}],"version-history":[{"count":30,"href":"http:\/\/safesurfing.inclusion-europe.eu\/fr\/wp-json\/wp\/v2\/pages\/17\/revisions"}],"predecessor-version":[{"id":542,"href":"http:\/\/safesurfing.inclusion-europe.eu\/fr\/wp-json\/wp\/v2\/pages\/17\/revisions\/542"}],"wp:attachment":[{"href":"http:\/\/safesurfing.inclusion-europe.eu\/fr\/wp-json\/wp\/v2\/media?parent=17"}],"curies":[{"name":"wp","href":"https:\/\/api.w.org\/{rel}","templated":true}]}}