{"id":62,"date":"2015-01-12T13:50:40","date_gmt":"2015-01-12T13:50:40","guid":{"rendered":"http:\/\/www.safesurfing.eu\/?page_id=62"},"modified":"2016-02-08T13:59:37","modified_gmt":"2016-02-08T13:59:37","slug":"press-releases","status":"publish","type":"page","link":"http:\/\/safesurfing.inclusion-europe.eu\/es\/press-releases\/","title":{"rendered":"Comunicados de Prensa"},"content":{"rendered":"<p><strong>Un compromiso con la Igualdad \u2013 Todos los ciudadanos de la UE tienen derecho a entender qu\u00e9 es la\u00a0protecci\u00f3n de datos<\/strong><\/p>\n<p>No es ninguna noticia que la tecnolog\u00eda se desarrolla a una velocidad vertiginosa o que se adoptan\u00a0productos nuevos tecnol\u00f3gicos con mucha m\u00e1s celeridad que nunca. Aunque los tel\u00e9fonos tardaron 25\u00a0a\u00f1os en alcanzar un 10% del mercado estadounidense, las tabletas alcanzaron la misma tasa de\u00a0adopci\u00f3n en menos de cinco a\u00f1os. La innovaci\u00f3n tecnol\u00f3gica est\u00e1 teniendo un impacto tremendamente\u00a0positivo sobre la vida de much\u00edsimas personas.<\/p>\n<p>Sin embargo, a menudo se subestiman los riegos\u00a0asociados con la ubicuidad de las herramientas tecnol\u00f3gicas, sobre todo para los grupos m\u00e1s vulnerables\u00a0de la sociedad. Una consulta en l\u00ednea realizada por Inclusion Europe y sus socios en el marco del\u00a0proyecto SafeSurfing revel\u00f3 que la mayor\u00eda de las personas con discapacidad intelectual no son\u00a0conscientes del peligro que corren cuando comparten informaci\u00f3n personal en l\u00ednea. Sus padres y\u00a0cuidadores tambi\u00e9n comunicaban que muchas personas con discapacidad intelectual tienen problemas\u00a0a la hora de entender los t\u00e9rminos y condiciones asociados al uso de ciertos programas y aplicaciones, al\u00a0no entender plenamente los servicios a los que se adher\u00edan, adem\u00e1s de ser v\u00edctimas de abusos en l\u00ednea\u00a0por su discapacidad.<\/p>\n<p>Por esta raz\u00f3n, en el D\u00eda Europeo de la Protecci\u00f3n de Datos, los socios de SafeSurfing instan a los\u00a0responsables pol\u00edticos de la Uni\u00f3n Europea a tener en cuenta las necesidades de las personas con\u00a0discapacidad intelectual cuando decidan sobre la formulaci\u00f3n del borrador del Reglamento General\u00a0sobre la Protecci\u00f3n de Datos. Inclusion Europe y sus socios felicitan el \u00e9nfasis puesto sobre el\u00a0consentimiento informado, la transparencia y la protecci\u00f3n de la privacidad desde el dise\u00f1o, as\u00ed como\u00a0sobre la necesidad de que los usuarios manifiesten conscientemente si est\u00e1n de acuerdo o no con el\u00a0procesamiento de sus datos. Adem\u00e1s, los socios de SafeSurfing coinciden en que los usuarios deben\u00a0recibir informaci\u00f3n gratuita y f\u00e1cil de entender sobre c\u00f3mo se est\u00e1n procesando sus datos. Sin embargo,\u00a0lo que es f\u00e1cil de entender para uno, puede ser dif\u00edcil, para otro. Por esta raz\u00f3n, se debe proporcionar a\u00a0las personas con discapacidad informaci\u00f3n de forma accesible y en un formato f\u00e1cil de leer, siguiendo\u00a0las normas europeas para que la informaci\u00f3n sea f\u00e1cil de leer y de entender. Presentar la informaci\u00f3n\u00a0as\u00ed, no solo beneficiar\u00eda a las personas con discapacidad intelectual, sino tambi\u00e9n a los ni\u00f1os y a las\u00a0personas mayores.<\/p>\n<p>Para leer m\u00e1s, haga click <a href=\"http:\/\/inclusion-europe.eu\/?page_id=764\">aqu\u00ed.<\/a><\/p>\n<p>Haga clic aqu\u00ed para la versi\u00f3n del Reino Unido.<\/p>\n<p><strong>SafeSurfing \u2013 Las personas con discapacidad intelectual recibir\u00e1n informaci\u00f3n sobre la protecci\u00f3n de\u00a0datos<\/strong><\/p>\n<p>El robo de identidad, la ciberdelincuencia o el ciberacoso son peligros a los que nos enfrentamos,\u00a0consciente o inconscientemente cuando usamos Internet. Un 17% de los europeos son v\u00edctimas del robo\u00a0de identidad cada a\u00f1o, por lo que la protecci\u00f3n de datos constituye un problema grave para todos los\u00a0europeos y, en particular, para las personas con discapacidad intelectual.<\/p>\n<p>Aunque el uso de herramientas tecnol\u00f3gicas es un \u00e1rea de la que han sido especialmente excluidas las\u00a0personas con discapacidad intelectual, por fortuna, en los \u00faltimos a\u00f1os, se ha constatado un incremento\u00a0en el uso de la tecnolog\u00eda por parte de personas con discapacidad intelectual para vivir de forma m\u00e1s\u00a0aut\u00f3noma y para aumentar su inclusi\u00f3n en la sociedad. El uso de Internet y de las aplicaciones m\u00f3viles\u00a0supone un gran beneficio para las personas con discapacidad intelectual en todos los \u00e1mbitos de su vida,\u00a0como por ejemplo para mantener el contacto con amigos, encontrar informaci\u00f3n en l\u00ednea o buscar\u00a0oportunidades de empleo. Desgraciadamente, tambi\u00e9n corren un riesgo mayor que la poblaci\u00f3n\u00a0general. Resulta m\u00e1s dif\u00edcil obtener un consentimiento jur\u00eddico v\u00e1lido de personas con discapacidad\u00a0intelectual y tienen problemas a la hora de entender los mecanismos de recurso. Incluso por el mero\u00a0hecho de acceder a informaci\u00f3n de lectura f\u00e1cil, se identifica al usuario como una persona con\u00a0discapacidad intelectual, lo que hace que sean m\u00e1s vulnerables en l\u00ednea y m\u00e1s propensas a padecer\u00a0abusos.<\/p>\n<p>\u201cLas personas que usan la banca en l\u00ednea y otras p\u00e1ginas Web pueden no saber ad\u00f3nde va la\u00a0informaci\u00f3n que han dado. Me preocupa mucho. No puedo dejar de preocuparme\u201d, comentaba Ismail\u00a0Kaji, que tiene discapacidad intelectual y es asistente de asuntos parlamentarios en Mencap. \u201cEn l\u00ednea\u00a0las personas pueden hacerse pasar por un amigo y sacar informaci\u00f3n a la gente. Esto hace que me sienta\u00a0poco seguro. Es duro, porque no s\u00e9 con qui\u00e9n hablar o d\u00f3nde ir para conseguir ayuda\u201d.<\/p>\n<p>Por esta raz\u00f3n, Inclusion Europe, junto con socios que trabajan en otros cuatro pa\u00edses europeos, ha\u00a0lanzado un proyecto ambicioso dirigido a formar a las personas con discapacidad intelectual sobre la\u00a0protecci\u00f3n de datos y sobre el comportamiento seguro en l\u00ednea. Es esencial que se proporcione apoyo\u00a0personal y los conocimientos necesarios para que las personas con discapacidad puedan decidir qu\u00e9\u00a0informaci\u00f3n quieren compartir con otros. Dentro del marco del proyecto SafeSurfing, los socios\u00a0alcanzar\u00e1n directamente a m\u00e1s de 1000 personas con discapacidad intelectual, empleando sesiones\u00a0interactivas de formaci\u00f3n en l\u00ednea que ofrecen a los participantes la posibilidad de plantear preguntas\u00a0en tiempo real. Adem\u00e1s, miles m\u00e1s podr\u00e1n beneficiarse de cinco v\u00eddeos de formaci\u00f3n sobre diferentes\u00a0\u00e1reas relacionadas con la protecci\u00f3n de datos que producir\u00e1n y compartir\u00e1n los socios de SafeSurfing.<\/p>\n<p>Para leer m\u00e1s, haga click <a href=\"http:\/\/inclusion-europe.eu\/?page_id=789\">aqu\u00ed.<\/a><\/p>\n<p>Haga clic <a href=\"https:\/\/www.mencap.org.uk\/news\/article\/ambitious-pan-europe-project-launched-keep-people-learning-disability-safe-online\">aqu\u00ed<\/a> para la versi\u00f3n del Reino Unido.<\/p>","protected":false},"excerpt":{"rendered":"<p>Un compromiso con la Igualdad \u2013 Todos los ciudadanos de la UE tienen derecho a entender qu\u00e9 es la\u00a0protecci\u00f3n de datos No es ninguna noticia que la tecnolog\u00eda se desarrolla a una velocidad vertiginosa o que se adoptan\u00a0productos nuevos tecnol\u00f3gicos con mucha m\u00e1s celeridad que nunca. Aunque los tel\u00e9fonos tardaron 25\u00a0a\u00f1os en alcanzar un 10% [&hellip;]<\/p>\n","protected":false},"author":1,"featured_media":123,"parent":0,"menu_order":0,"comment_status":"open","ping_status":"open","template":"","meta":[],"_links":{"self":[{"href":"http:\/\/safesurfing.inclusion-europe.eu\/es\/wp-json\/wp\/v2\/pages\/62"}],"collection":[{"href":"http:\/\/safesurfing.inclusion-europe.eu\/es\/wp-json\/wp\/v2\/pages"}],"about":[{"href":"http:\/\/safesurfing.inclusion-europe.eu\/es\/wp-json\/wp\/v2\/types\/page"}],"author":[{"embeddable":true,"href":"http:\/\/safesurfing.inclusion-europe.eu\/es\/wp-json\/wp\/v2\/users\/1"}],"replies":[{"embeddable":true,"href":"http:\/\/safesurfing.inclusion-europe.eu\/es\/wp-json\/wp\/v2\/comments?post=62"}],"version-history":[{"count":27,"href":"http:\/\/safesurfing.inclusion-europe.eu\/es\/wp-json\/wp\/v2\/pages\/62\/revisions"}],"predecessor-version":[{"id":532,"href":"http:\/\/safesurfing.inclusion-europe.eu\/es\/wp-json\/wp\/v2\/pages\/62\/revisions\/532"}],"wp:featuredmedia":[{"embeddable":true,"href":"http:\/\/safesurfing.inclusion-europe.eu\/es\/wp-json\/wp\/v2\/media\/123"}],"wp:attachment":[{"href":"http:\/\/safesurfing.inclusion-europe.eu\/es\/wp-json\/wp\/v2\/media?parent=62"}],"curies":[{"name":"wp","href":"https:\/\/api.w.org\/{rel}","templated":true}]}}