{"id":32,"date":"2015-01-12T11:10:30","date_gmt":"2015-01-12T11:10:30","guid":{"rendered":"http:\/\/www.safesurfing.eu\/?page_id=32"},"modified":"2016-02-25T11:20:28","modified_gmt":"2016-02-25T11:20:28","slug":"videos-2","status":"publish","type":"page","link":"http:\/\/safesurfing.inclusion-europe.eu\/es\/videos-2\/","title":{"rendered":"Videos"},"content":{"rendered":"<p><span style=\"font-family: arial, helvetica, sans-serif; font-size: 14pt;\">Hemos elaborado unos v\u00eddeos<\/span><br \/>\n<span style=\"font-family: arial, helvetica, sans-serif; font-size: 14pt;\"> para hablar sobre c\u00f3mo usar Internet de forma segura.<a href=\"http:\/\/safesurfing.inclusion-europe.eu\/wp-contentuploads\/2015\/01\/etr.png\"><img loading=\"lazy\" class=\"alignright size-full wp-image-143\" src=\"http:\/\/safesurfing.inclusion-europe.eu\/wp-contentuploads\/2015\/01\/etr.png\" alt=\"etr\" width=\"89\" height=\"89\" \/><\/a><\/span><\/p>\n<p><span style=\"font-family: arial, helvetica, sans-serif; font-size: 14pt;\">Cada v\u00eddeo habla sobre algo diferente,<\/span><br \/>\n<span style=\"font-family: arial, helvetica, sans-serif; font-size: 14pt;\"> por ejemplo c\u00f3mo crear una cuenta Facebook<\/span><br \/>\n<span style=\"font-family: arial, helvetica, sans-serif; font-size: 14pt;\"> o sobre el tipo de\u00a0informaci\u00f3n que se debe compartir en l\u00ednea.<\/span><\/p>\n<p><span style=\"font-family: arial, helvetica, sans-serif; font-size: 14pt;\">Los v\u00eddeos son divertidos y no son muy largos.<\/span><br \/>\n<span style=\"font-family: arial, helvetica, sans-serif; font-size: 14pt;\"> Cada v\u00eddeo est\u00e1 disponible en espa\u00f1ol,<\/span><br \/>\n<span style=\"font-family: arial, helvetica, sans-serif; font-size: 14pt;\"> ingl\u00e9s, italiano, franc\u00e9s y polaco.<\/span><br \/>\n<span style=\"font-family: arial, helvetica, sans-serif; font-size: 14pt;\"> Puedes elegir tu idioma.<\/span><\/p>\n<p><span style=\"font-family: arial, helvetica, sans-serif; font-size: 14pt;\">Todos los v\u00eddeos se han elaborado con la ayuda<\/span><br \/>\n<span style=\"font-family: arial, helvetica, sans-serif; font-size: 14pt;\"> de personas con discapacidad intelectual. \u00a1Esperamos que te gusten!<br \/>\n<\/span><br \/>\n<iframe loading=\"lazy\" src=\"https:\/\/www.youtube.com\/embed\/AiyegoefKoo?list=PLia1JRH3Zek0G7aI3FmpYLqApycDBnTDY\" width=\"560\" height=\"315\" frameborder=\"0\" allowfullscreen=\"allowfullscreen\"><\/iframe><\/p>\n<p><iframe loading=\"lazy\" src=\"https:\/\/www.youtube.com\/embed\/Wv7_X_mVzPU?list=PLia1JRH3Zek0G7aI3FmpYLqApycDBnTDY\" width=\"560\" height=\"315\" frameborder=\"0\" allowfullscreen=\"allowfullscreen\"><\/iframe><\/p>\n<p><iframe loading=\"lazy\" src=\"https:\/\/www.youtube.com\/embed\/ujD5M5yQflw\" width=\"560\" height=\"315\" frameborder=\"0\" allowfullscreen=\"allowfullscreen\"><\/iframe><\/p>\n<p><iframe loading=\"lazy\" src=\"https:\/\/www.youtube.com\/embed\/pQuvaJMhnRg?list=PLia1JRH3Zek0G7aI3FmpYLqApycDBnTDY\" width=\"560\" height=\"315\" frameborder=\"0\" allowfullscreen=\"allowfullscreen\"><\/iframe><\/p>\n<p><iframe loading=\"lazy\" src=\"https:\/\/www.youtube.com\/embed\/I6GBV8ReIxY?list=PLia1JRH3Zek0G7aI3FmpYLqApycDBnTDY\" width=\"560\" height=\"315\" frameborder=\"0\" allowfullscreen=\"allowfullscreen\"><\/iframe><\/p>","protected":false},"excerpt":{"rendered":"<p>Hemos elaborado unos v\u00eddeos para hablar sobre c\u00f3mo usar Internet de forma segura. Cada v\u00eddeo habla sobre algo diferente, por ejemplo c\u00f3mo crear una cuenta Facebook o sobre el tipo de\u00a0informaci\u00f3n que se debe compartir en l\u00ednea. Los v\u00eddeos son divertidos y no son muy largos. Cada v\u00eddeo est\u00e1 disponible en espa\u00f1ol, ingl\u00e9s, italiano, franc\u00e9s [&hellip;]<\/p>\n","protected":false},"author":1,"featured_media":0,"parent":0,"menu_order":5,"comment_status":"closed","ping_status":"closed","template":"","meta":[],"_links":{"self":[{"href":"http:\/\/safesurfing.inclusion-europe.eu\/es\/wp-json\/wp\/v2\/pages\/32"}],"collection":[{"href":"http:\/\/safesurfing.inclusion-europe.eu\/es\/wp-json\/wp\/v2\/pages"}],"about":[{"href":"http:\/\/safesurfing.inclusion-europe.eu\/es\/wp-json\/wp\/v2\/types\/page"}],"author":[{"embeddable":true,"href":"http:\/\/safesurfing.inclusion-europe.eu\/es\/wp-json\/wp\/v2\/users\/1"}],"replies":[{"embeddable":true,"href":"http:\/\/safesurfing.inclusion-europe.eu\/es\/wp-json\/wp\/v2\/comments?post=32"}],"version-history":[{"count":79,"href":"http:\/\/safesurfing.inclusion-europe.eu\/es\/wp-json\/wp\/v2\/pages\/32\/revisions"}],"predecessor-version":[{"id":600,"href":"http:\/\/safesurfing.inclusion-europe.eu\/es\/wp-json\/wp\/v2\/pages\/32\/revisions\/600"}],"wp:attachment":[{"href":"http:\/\/safesurfing.inclusion-europe.eu\/es\/wp-json\/wp\/v2\/media?parent=32"}],"curies":[{"name":"wp","href":"https:\/\/api.w.org\/{rel}","templated":true}]}}