{"id":109,"date":"2015-01-12T17:59:50","date_gmt":"2015-01-12T17:59:50","guid":{"rendered":"http:\/\/www.safesurfing.eu\/?page_id=109"},"modified":"2016-02-10T15:27:55","modified_gmt":"2016-02-10T15:27:55","slug":"activities","status":"publish","type":"page","link":"http:\/\/safesurfing.inclusion-europe.eu\/es\/activities\/","title":{"rendered":"Actividades"},"content":{"rendered":"<p><span style=\"font-family: arial, helvetica, sans-serif; font-size: 14pt;\">La Uni\u00f3n Europea dice que todo el mundo tiene derecho a la protecci\u00f3n de su informaci\u00f3n personal.<\/span><\/p>\n<p><span style=\"font-family: arial, helvetica, sans-serif; font-size: 14pt;\">Pero todo el mundo necesita mucha formaci\u00f3n para saber cu\u00e1les son sus derechos y <img loading=\"lazy\" class=\"alignright size-full wp-image-143\" src=\"http:\/\/safesurfing.inclusion-europe.eu\/wp-contentuploads\/2015\/01\/etr.png\" alt=\"etr\" width=\"89\" height=\"89\" \/>c\u00f3mo mantener su\u00a0informaci\u00f3n personal segura.<\/span><\/p>\n<p><span style=\"font-family: arial, helvetica, sans-serif; font-size: 14pt;\">El proyecto SafeSurfing ense\u00f1a a las personas con discapacidad intelectual a mantener protegida su\u00a0informaci\u00f3n cuando usan Internet.<\/span><\/p>\n<p><span style=\"font-family: arial, helvetica, sans-serif; font-size: 14pt;\">Para conseguirlo, los socios del proyecto han creado unos v\u00eddeos muy divertidos.<\/span><\/p>\n<p><span style=\"font-family: arial, helvetica, sans-serif; font-size: 14pt;\">Puedes ver los v\u00eddeos aqu\u00ed.<\/span><\/p>\n<p><span style=\"font-family: arial, helvetica, sans-serif; font-size: 14pt;\">A partir de enero de 2016, \u00a1tambi\u00e9n podr\u00e1s aprender sobre la seguridad en Internet participando en\u00a0sesiones de formaci\u00f3n en l\u00ednea!<\/span><\/p>\n<p><span style=\"font-family: arial, helvetica, sans-serif; font-size: 14pt;\">\u00a1Se va a formar a m\u00e1s de 1000 personas!<\/span><\/p>\n<p><span style=\"font-family: arial, helvetica, sans-serif; font-size: 14pt;\">Dentro de poco habr\u00e1 m\u00e1s informaci\u00f3n disponible.<\/span><\/p>\n<hr \/>\n<p>Aunque el Art\u00edculo 8 de la Carta de los Derechos Fundamentales otorga a todo el mundo el derecho a la\u00a0protecci\u00f3n de sus datos personales, la legislaci\u00f3n relativa a la capacidad jur\u00eddica, la falta de\u00a0sensibilizaci\u00f3n, as\u00ed como problemas de accesibilidad a los mecanismos de reparaci\u00f3n pueden hacer que\u00a0se vea violada la protecci\u00f3n de los datos personales de las personas con discapacidad intelectual.<\/p>\n<p>Para alcanzar una protecci\u00f3n eficaz de sus datos personales, todo el mundo necesita contar con apoyo\u00a0personal y formaci\u00f3n para decidir qu\u00e9 datos y qu\u00e9 informaci\u00f3n desea compartir con otros. Por esta\u00a0raz\u00f3n, SafeSurfing trabaja para:<\/p>\n<ul>\n<li>Promover la aplicaci\u00f3n de la legislaci\u00f3n en materia de protecci\u00f3n de datos y la divulgaci\u00f3n de los\u00a0cambios principales relativos al Paquete de Reformas sobre la Protecci\u00f3n de Datos para que sea\u00a0relevante para las personas con discapacidad intelectual.<\/li>\n<li>Concienciar a las personas con discapacidad intelectual y desarrollar sus capacidades para la protecci\u00f3n de sus datos personales en los pa\u00edses de los socios.<\/li>\n<li>Desarrollar sesiones de formaci\u00f3n en l\u00ednea como medio para alcanzar a un n\u00famero significativo de personas.<\/li>\n<\/ul>\n<p>Concretamente, los socios est\u00e1n produciendo cinco v\u00eddeos informativos para personas con discapacidad\u00a0intelectual sobre diferentes aspectos relacionados con la protecci\u00f3n de datos y con las posibilidades de\u00a0recurso. Puede ver los primeros v\u00eddeos aqu\u00ed. Los v\u00eddeos estar\u00e1n disponibles en todos los idiomas del\u00a0proyecto a partir de octubre de 2015.<\/p>\n<p>Los socios tambi\u00e9n van a desarrollar, poner a prueba e impartir m\u00f3dulos de formaci\u00f3n en l\u00ednea para m\u00e1s\u00a0de 1.000 personas con discapacidad intelectual en cinco pa\u00edses. En las sesiones de formaci\u00f3n se\u00a0abordar\u00e1n temas como:<\/p>\n<ul>\n<li>Contenido del Paquete de Reformas sobre la Protecci\u00f3n de Datos.<\/li>\n<li>El procesamiento de los datos personales y el significado del consentimiento expl\u00edcito.<\/li>\n<li>Informaci\u00f3n sobre mecanismos de recurso.<\/li>\n<\/ul>\n<p>Las sesiones de formaci\u00f3n empezar\u00e1n en enero de 2016.<\/p>","protected":false},"excerpt":{"rendered":"<p>La Uni\u00f3n Europea dice que todo el mundo tiene derecho a la protecci\u00f3n de su informaci\u00f3n personal. Pero todo el mundo necesita mucha formaci\u00f3n para saber cu\u00e1les son sus derechos y c\u00f3mo mantener su\u00a0informaci\u00f3n personal segura. El proyecto SafeSurfing ense\u00f1a a las personas con discapacidad intelectual a mantener protegida su\u00a0informaci\u00f3n cuando usan Internet. Para conseguirlo, [&hellip;]<\/p>\n","protected":false},"author":1,"featured_media":0,"parent":0,"menu_order":0,"comment_status":"open","ping_status":"open","template":"","meta":[],"_links":{"self":[{"href":"http:\/\/safesurfing.inclusion-europe.eu\/es\/wp-json\/wp\/v2\/pages\/109"}],"collection":[{"href":"http:\/\/safesurfing.inclusion-europe.eu\/es\/wp-json\/wp\/v2\/pages"}],"about":[{"href":"http:\/\/safesurfing.inclusion-europe.eu\/es\/wp-json\/wp\/v2\/types\/page"}],"author":[{"embeddable":true,"href":"http:\/\/safesurfing.inclusion-europe.eu\/es\/wp-json\/wp\/v2\/users\/1"}],"replies":[{"embeddable":true,"href":"http:\/\/safesurfing.inclusion-europe.eu\/es\/wp-json\/wp\/v2\/comments?post=109"}],"version-history":[{"count":35,"href":"http:\/\/safesurfing.inclusion-europe.eu\/es\/wp-json\/wp\/v2\/pages\/109\/revisions"}],"predecessor-version":[{"id":541,"href":"http:\/\/safesurfing.inclusion-europe.eu\/es\/wp-json\/wp\/v2\/pages\/109\/revisions\/541"}],"wp:attachment":[{"href":"http:\/\/safesurfing.inclusion-europe.eu\/es\/wp-json\/wp\/v2\/media?parent=109"}],"curies":[{"name":"wp","href":"https:\/\/api.w.org\/{rel}","templated":true}]}}